{"id":5854,"date":"2020-12-27T22:16:21","date_gmt":"2020-12-27T21:16:21","guid":{"rendered":"https:\/\/cristi017.supserv.cozmoslabs.com\/?post_type=product&#038;p=5854"},"modified":"2022-02-09T13:10:15","modified_gmt":"2022-02-09T12:10:15","slug":"dobbelt-havkajak","status":"publish","type":"product","link":"https:\/\/cristi017.supserv.cozmoslabs.com\/de\/produkt\/dobbelt-havkajak\/","title":{"rendered":"Doppelseekajak"},"content":{"rendered":"<p>Das Doppelseekajak ist stabil und kann von zwei Erwachsenen oder einem Kind und einem Erwachsenen benutzt werden. Ein Doppelseekajak kann eine gute Geschwindigkeit schie\u00dfen und eignet sich f\u00fcr einen Tagesausflug oder mehrere Tage mit einem Zelt, einem Schlafsack usw.<br \/>\nEine gute Wahl f\u00fcr zwei Personen, die nicht \u00fcber die gleichen physischen Ressourcen verf\u00fcgen, aber mitmachen m\u00f6chten.<\/p>","protected":false},"excerpt":{"rendered":"[bookly-form location_id=\"4\" show_number_of_persons=\"1\" hide=\"staff_members,date,week_days,time_range\"]\n","protected":false},"featured_media":5855,"template":"","meta":{"_monsterinsights_skip_tracking":false,"_monsterinsights_sitenote_active":false,"_monsterinsights_sitenote_note":"","_monsterinsights_sitenote_category":0},"product_cat":[63],"product_tag":[],"supplier_id":null,"supplier_sku":"","atum_controlled":true,"out_stock_date":null,"out_stock_threshold":null,"inheritable":false,"inbound_stock":null,"stock_on_hold":5,"sold_today":0,"sales_last_days":0,"reserved_stock":null,"customer_returns":null,"warehouse_damage":null,"lost_in_post":null,"other_logs":null,"out_stock_days":0,"lost_sales":0,"has_location":null,"update_date":"2026-04-09T06:21:43","atum_locations":[],"atum_stock_status":"instock","low_stock":false,"low_stock_amount":"","sales_update_date":"2026-04-09T06:21:43","translation":{"provider":"WPGlobus","version":"2.8.11","language":"de","enabled_languages":["da","de","gb"],"languages":{"da":{"title":true,"content":true,"excerpt":true},"de":{"title":false,"content":false,"excerpt":false},"gb":{"title":false,"content":false,"excerpt":false}}},"_links":{"self":[{"href":"https:\/\/cristi017.supserv.cozmoslabs.com\/de\/wp-json\/wp\/v2\/product\/5854"}],"collection":[{"href":"https:\/\/cristi017.supserv.cozmoslabs.com\/de\/wp-json\/wp\/v2\/product"}],"about":[{"href":"https:\/\/cristi017.supserv.cozmoslabs.com\/de\/wp-json\/wp\/v2\/types\/product"}],"wp:featuredmedia":[{"embeddable":true,"href":"https:\/\/cristi017.supserv.cozmoslabs.com\/de\/wp-json\/wp\/v2\/media\/5855"}],"wp:attachment":[{"href":"https:\/\/cristi017.supserv.cozmoslabs.com\/de\/wp-json\/wp\/v2\/media?parent=5854"}],"wp:term":[{"taxonomy":"product_cat","embeddable":true,"href":"https:\/\/cristi017.supserv.cozmoslabs.com\/de\/wp-json\/wp\/v2\/product_cat?post=5854"},{"taxonomy":"product_tag","embeddable":true,"href":"https:\/\/cristi017.supserv.cozmoslabs.com\/de\/wp-json\/wp\/v2\/product_tag?post=5854"}],"curies":[{"name":"wp","href":"https:\/\/api.w.org\/{rel}","templated":true}]}}