{"id":6778,"date":"2022-01-12T12:58:49","date_gmt":"2022-01-12T11:58:49","guid":{"rendered":"https:\/\/cristi017.supserv.cozmoslabs.com\/?post_type=product&#038;p=6778"},"modified":"2022-03-27T20:52:08","modified_gmt":"2022-03-27T19:52:08","slug":"ipp2-havkajak-kursus-den-7-og-8-maj-2022","status":"publish","type":"product","link":"https:\/\/cristi017.supserv.cozmoslabs.com\/de\/produkt\/ipp2-havkajak-kursus-den-7-og-8-maj-2022\/","title":{"rendered":"IPP2 Seekajakkurs am 7. und 8. Mai 2022 um 8.30-16.30"},"content":{"rendered":"","protected":false},"excerpt":{"rendered":"<h4>Sea Kayaking IPP2 Kurs (Anf\u00e4ngerkurs)<\/h4>\n<p>Ein Anf\u00e4ngerkurs, der ein guter Anfang ist, um ein vollwertiger Seekajakfahrer zu werden. Der IPP2-Kurs beinhaltet eine \u00dcberpr\u00fcfung der grundlegenden technischen F\u00e4higkeiten, damit Sie sicher mit Ihrem Seekajak navigieren und sich und Ihren Mitbewohner retten k\u00f6nnen.<\/p>\n<p>Der IPP2-Kurs ist f\u00fcr die meisten Seekajakclubs zul\u00e4ssig. Kurszertifikate werden nach Bestehen des Kurses von der d\u00e4nischen Kanu- und Kajakvereinigung ausgestellt. Der Kurs dauert 2 Tage mit jeweils 8 Stunden. Tag.<\/p>\n<p>Der Kurs ist f\u00fcr diejenigen geeignet, die in ihrer Freizeit ein Seekajak rudern m\u00f6chten - sowohl privat als auch im Verein.<\/p>\n<p>Das IPP2-Zertifikat ist Voraussetzung, um Mitglied der \u00fcberwiegenden Mehrheit der Kajakclubs zu werden.<\/p>","protected":false},"featured_media":6073,"template":"","meta":{"_monsterinsights_skip_tracking":false,"_monsterinsights_sitenote_active":false,"_monsterinsights_sitenote_note":"","_monsterinsights_sitenote_category":0},"product_cat":[64,207],"product_tag":[208,210,209],"supplier_id":null,"supplier_sku":"","atum_controlled":true,"out_stock_date":null,"out_stock_threshold":null,"inheritable":false,"inbound_stock":0,"stock_on_hold":0,"sold_today":0,"sales_last_days":0,"reserved_stock":0,"customer_returns":0,"warehouse_damage":0,"lost_in_post":0,"other_logs":0,"out_stock_days":0,"lost_sales":0,"has_location":false,"update_date":"2026-04-05T06:19:41","atum_locations":[],"atum_stock_status":"instock","low_stock":false,"low_stock_amount":"","sales_update_date":"2026-04-05T06:19:41","translation":{"provider":"WPGlobus","version":"2.8.11","language":"de","enabled_languages":["da","de","gb"],"languages":{"da":{"title":true,"content":false,"excerpt":true},"de":{"title":false,"content":false,"excerpt":false},"gb":{"title":false,"content":false,"excerpt":false}}},"_links":{"self":[{"href":"https:\/\/cristi017.supserv.cozmoslabs.com\/de\/wp-json\/wp\/v2\/product\/6778"}],"collection":[{"href":"https:\/\/cristi017.supserv.cozmoslabs.com\/de\/wp-json\/wp\/v2\/product"}],"about":[{"href":"https:\/\/cristi017.supserv.cozmoslabs.com\/de\/wp-json\/wp\/v2\/types\/product"}],"wp:featuredmedia":[{"embeddable":true,"href":"https:\/\/cristi017.supserv.cozmoslabs.com\/de\/wp-json\/wp\/v2\/media\/6073"}],"wp:attachment":[{"href":"https:\/\/cristi017.supserv.cozmoslabs.com\/de\/wp-json\/wp\/v2\/media?parent=6778"}],"wp:term":[{"taxonomy":"product_cat","embeddable":true,"href":"https:\/\/cristi017.supserv.cozmoslabs.com\/de\/wp-json\/wp\/v2\/product_cat?post=6778"},{"taxonomy":"product_tag","embeddable":true,"href":"https:\/\/cristi017.supserv.cozmoslabs.com\/de\/wp-json\/wp\/v2\/product_tag?post=6778"}],"curies":[{"name":"wp","href":"https:\/\/api.w.org\/{rel}","templated":true}]}}