{"id":6826,"date":"2022-01-12T15:50:22","date_gmt":"2022-01-12T14:50:22","guid":{"rendered":"https:\/\/cristi017.supserv.cozmoslabs.com\/?post_type=product&#038;p=6826"},"modified":"2022-01-12T15:51:25","modified_gmt":"2022-01-12T14:51:25","slug":"sup-intro-1-aalborg-soendag-den-15-maj-2022-kl-12-30-14-30","status":"publish","type":"product","link":"https:\/\/cristi017.supserv.cozmoslabs.com\/de\/produkt\/sup-intro-1-aalborg-soendag-den-15-maj-2022-kl-12-30-14-30\/","title":{"rendered":"SUP Intro 1 (Aalborg) Sonntag, 15. Mai 2022 um 12.30-14.30"},"content":{"rendered":"","protected":false},"excerpt":{"rendered":"<h4>Beschreibung der Einf\u00fchrung des Stand Up Paddle<\/h4>\n<div>Anf\u00e4ngerkurs in SUP - Machen Sie sich mit einem Stand Up Paddleboard vertraut. Unsere ausgebildeten Instruktoren erm\u00f6glichen es Ihnen, SUP auf sichere Weise zu erleben und die grundlegenden Techniken zu erlernen.<\/div>\n<div>\n<h4>Inhalt<\/h4>\n<p>Sie erhalten einen \u00dcberblick \u00fcber Sicherheit und Technologie. Wir helfen Ihnen auch bei der Auswahl eines Boards und geben Ihnen Anregungen, wie SUP noch zug\u00e4nglicher gemacht werden kann. Sie werden begeistert sein und eine lustige und sichere Erfahrung auf dem Wasser machen.<\/p>\n<p>Einf\u00fchrungskurse finden auf ruhigem und gesch\u00fctztem Wasser statt.<\/p>\n<\/div>\n<h5>Information<\/h5>\n<p>Im Preis inbegriffen ist der Verleih von Stand Up Paddleboard, Neoprenanzug, Neoprenschuhen und Schwimmweste. Sie k\u00f6nnen jedoch gerne Ihre eigene Ausr\u00fcstung mitbringen.<\/p>\n<p>Voraussetzung f\u00fcr die Teilnahme ist, dass Sie schwimmen k\u00f6nnen. Wir schaffen den Rahmen f\u00fcr einen guten Tag \ud83d\ude42<\/p>","protected":false},"featured_media":6070,"template":"","meta":{"_monsterinsights_skip_tracking":false,"_monsterinsights_sitenote_active":false,"_monsterinsights_sitenote_note":"","_monsterinsights_sitenote_category":0},"product_cat":[64,207],"product_tag":[212,214,211,209,213,221,220],"supplier_id":null,"supplier_sku":"","atum_controlled":true,"out_stock_date":null,"out_stock_threshold":null,"inheritable":false,"inbound_stock":0,"stock_on_hold":0,"sold_today":0,"sales_last_days":0,"reserved_stock":0,"customer_returns":0,"warehouse_damage":0,"lost_in_post":0,"other_logs":0,"out_stock_days":0,"lost_sales":0,"has_location":false,"update_date":"2026-04-05T06:19:41","atum_locations":[],"atum_stock_status":"instock","low_stock":false,"low_stock_amount":"","sales_update_date":"2026-04-05T06:19:41","translation":{"provider":"WPGlobus","version":"2.8.11","language":"de","enabled_languages":["da","de","gb"],"languages":{"da":{"title":true,"content":false,"excerpt":true},"de":{"title":false,"content":false,"excerpt":false},"gb":{"title":false,"content":false,"excerpt":false}}},"_links":{"self":[{"href":"https:\/\/cristi017.supserv.cozmoslabs.com\/de\/wp-json\/wp\/v2\/product\/6826"}],"collection":[{"href":"https:\/\/cristi017.supserv.cozmoslabs.com\/de\/wp-json\/wp\/v2\/product"}],"about":[{"href":"https:\/\/cristi017.supserv.cozmoslabs.com\/de\/wp-json\/wp\/v2\/types\/product"}],"wp:featuredmedia":[{"embeddable":true,"href":"https:\/\/cristi017.supserv.cozmoslabs.com\/de\/wp-json\/wp\/v2\/media\/6070"}],"wp:attachment":[{"href":"https:\/\/cristi017.supserv.cozmoslabs.com\/de\/wp-json\/wp\/v2\/media?parent=6826"}],"wp:term":[{"taxonomy":"product_cat","embeddable":true,"href":"https:\/\/cristi017.supserv.cozmoslabs.com\/de\/wp-json\/wp\/v2\/product_cat?post=6826"},{"taxonomy":"product_tag","embeddable":true,"href":"https:\/\/cristi017.supserv.cozmoslabs.com\/de\/wp-json\/wp\/v2\/product_tag?post=6826"}],"curies":[{"name":"wp","href":"https:\/\/api.w.org\/{rel}","templated":true}]}}