{"id":6872,"date":"2022-01-12T16:50:14","date_gmt":"2022-01-12T15:50:14","guid":{"rendered":"https:\/\/cristi017.supserv.cozmoslabs.com\/?post_type=product&#038;p=6872"},"modified":"2022-01-12T16:51:41","modified_gmt":"2022-01-12T15:51:41","slug":"havkajak-introaalborg-soendag-den-22-maj-2022-kl-9-30-12-00","status":"publish","type":"product","link":"https:\/\/cristi017.supserv.cozmoslabs.com\/de\/produkt\/havkajak-introaalborg-soendag-den-22-maj-2022-kl-9-30-12-00\/","title":{"rendered":"Sea Kayak Intro (Aalborg) Sonntag, 22. Mai 2022 um 9.30-12.00"},"content":{"rendered":"","protected":false},"excerpt":{"rendered":"<h4>Seekajak Einf\u00fchrung<\/h4>\n<p>Wenn Sie sehen m\u00f6chten, ob Seekajakfahren etwas f\u00fcr Sie ist, ist ein Seekajak-Einf\u00fchrungskurs ein guter Ausgangspunkt. Sie werden in die grundlegendsten Techniken des Vorw\u00e4rtsertrinkens eingef\u00fchrt und mit den Grundlagen des Kajakfahrens vertraut gemacht.<\/p>\n<p>Im Preis inbegriffen ist der Verleih von Seekajaks, Neoprenanz\u00fcgen, Neoprenschuhen und Schwimmwesten. Sie k\u00f6nnen jedoch gerne Ihre eigene Ausr\u00fcstung mitbringen.<\/p>","protected":false},"featured_media":5917,"template":"","meta":{"_monsterinsights_skip_tracking":false,"_monsterinsights_sitenote_active":false,"_monsterinsights_sitenote_note":"","_monsterinsights_sitenote_category":0},"product_cat":[64,207],"product_tag":[212,214,208,211,209,213],"supplier_id":null,"supplier_sku":"","atum_controlled":true,"out_stock_date":null,"out_stock_threshold":null,"inheritable":false,"inbound_stock":0,"stock_on_hold":0,"sold_today":0,"sales_last_days":0,"reserved_stock":0,"customer_returns":0,"warehouse_damage":0,"lost_in_post":0,"other_logs":0,"out_stock_days":0,"lost_sales":0,"has_location":false,"update_date":"2026-04-06T06:19:38","atum_locations":[],"atum_stock_status":"instock","low_stock":false,"low_stock_amount":"","sales_update_date":"2026-04-06T06:19:38","translation":{"provider":"WPGlobus","version":"2.8.11","language":"de","enabled_languages":["da","de","gb"],"languages":{"da":{"title":true,"content":false,"excerpt":true},"de":{"title":false,"content":false,"excerpt":false},"gb":{"title":false,"content":false,"excerpt":false}}},"_links":{"self":[{"href":"https:\/\/cristi017.supserv.cozmoslabs.com\/de\/wp-json\/wp\/v2\/product\/6872"}],"collection":[{"href":"https:\/\/cristi017.supserv.cozmoslabs.com\/de\/wp-json\/wp\/v2\/product"}],"about":[{"href":"https:\/\/cristi017.supserv.cozmoslabs.com\/de\/wp-json\/wp\/v2\/types\/product"}],"wp:featuredmedia":[{"embeddable":true,"href":"https:\/\/cristi017.supserv.cozmoslabs.com\/de\/wp-json\/wp\/v2\/media\/5917"}],"wp:attachment":[{"href":"https:\/\/cristi017.supserv.cozmoslabs.com\/de\/wp-json\/wp\/v2\/media?parent=6872"}],"wp:term":[{"taxonomy":"product_cat","embeddable":true,"href":"https:\/\/cristi017.supserv.cozmoslabs.com\/de\/wp-json\/wp\/v2\/product_cat?post=6872"},{"taxonomy":"product_tag","embeddable":true,"href":"https:\/\/cristi017.supserv.cozmoslabs.com\/de\/wp-json\/wp\/v2\/product_tag?post=6872"}],"curies":[{"name":"wp","href":"https:\/\/api.w.org\/{rel}","templated":true}]}}