{"id":6876,"date":"2022-01-12T16:55:32","date_gmt":"2022-01-12T15:55:32","guid":{"rendered":"https:\/\/cristi017.supserv.cozmoslabs.com\/?post_type=product&#038;p=6876"},"modified":"2022-05-08T16:58:01","modified_gmt":"2022-05-08T14:58:01","slug":"ipp2-kursus-aalborg-4-5-juni-2022-kl-8-30-16-30-begge-dage","status":"publish","type":"product","link":"https:\/\/cristi017.supserv.cozmoslabs.com\/de\/produkt\/ipp2-kursus-aalborg-4-5-juni-2022-kl-8-30-16-30-begge-dage\/","title":{"rendered":"IPP2-Kurs (Aalborg) 4. - 5. Juni 2022 um 8.30-16.30 Uhr an beiden Tagen"},"content":{"rendered":"","protected":false},"excerpt":{"rendered":"<h4>Sea Kayaking IPP2 Kurs (Anf\u00e4ngerkurs)<\/h4>\n<p>Ein Anf\u00e4ngerkurs, der ein guter Anfang ist, um ein vollwertiger Seekajakfahrer zu werden. Der IPP2-Kurs beinhaltet eine \u00dcberpr\u00fcfung der grundlegenden technischen F\u00e4higkeiten, damit Sie sicher mit Ihrem Seekajak navigieren und sich und Ihren Mitbewohner retten k\u00f6nnen.<\/p>\n<p>Der IPP2-Kurs ist f\u00fcr die meisten Seekajakclubs zul\u00e4ssig. Kurszertifikate werden nach Bestehen des Kurses von der d\u00e4nischen Kanu- und Kajakvereinigung ausgestellt. Der Kurs dauert 2 Tage mit jeweils 8 Stunden. Tag.<\/p>\n<p>Der Kurs ist f\u00fcr diejenigen geeignet, die in ihrer Freizeit ein Seekajak rudern m\u00f6chten - sowohl privat als auch im Verein.<\/p>\n<p>Das IPP2-Zertifikat ist Voraussetzung, um Mitglied der \u00fcberwiegenden Mehrheit der Kajakclubs zu werden.<\/p>","protected":false},"featured_media":6073,"template":"","meta":{"_monsterinsights_skip_tracking":false,"_monsterinsights_sitenote_active":false,"_monsterinsights_sitenote_note":"","_monsterinsights_sitenote_category":0},"product_cat":[64,207],"product_tag":[212,214,208,210,209,213],"supplier_id":null,"supplier_sku":"","atum_controlled":true,"out_stock_date":null,"out_stock_threshold":null,"inheritable":false,"inbound_stock":0,"stock_on_hold":0,"sold_today":0,"sales_last_days":0,"reserved_stock":0,"customer_returns":0,"warehouse_damage":0,"lost_in_post":0,"other_logs":0,"out_stock_days":0,"lost_sales":0,"has_location":false,"update_date":"2026-04-06T06:19:38","atum_locations":[],"atum_stock_status":"instock","low_stock":false,"low_stock_amount":"","sales_update_date":"2026-04-06T06:19:38","translation":{"provider":"WPGlobus","version":"2.8.11","language":"de","enabled_languages":["da","de","gb"],"languages":{"da":{"title":true,"content":false,"excerpt":true},"de":{"title":false,"content":false,"excerpt":false},"gb":{"title":false,"content":false,"excerpt":false}}},"_links":{"self":[{"href":"https:\/\/cristi017.supserv.cozmoslabs.com\/de\/wp-json\/wp\/v2\/product\/6876"}],"collection":[{"href":"https:\/\/cristi017.supserv.cozmoslabs.com\/de\/wp-json\/wp\/v2\/product"}],"about":[{"href":"https:\/\/cristi017.supserv.cozmoslabs.com\/de\/wp-json\/wp\/v2\/types\/product"}],"wp:featuredmedia":[{"embeddable":true,"href":"https:\/\/cristi017.supserv.cozmoslabs.com\/de\/wp-json\/wp\/v2\/media\/6073"}],"wp:attachment":[{"href":"https:\/\/cristi017.supserv.cozmoslabs.com\/de\/wp-json\/wp\/v2\/media?parent=6876"}],"wp:term":[{"taxonomy":"product_cat","embeddable":true,"href":"https:\/\/cristi017.supserv.cozmoslabs.com\/de\/wp-json\/wp\/v2\/product_cat?post=6876"},{"taxonomy":"product_tag","embeddable":true,"href":"https:\/\/cristi017.supserv.cozmoslabs.com\/de\/wp-json\/wp\/v2\/product_tag?post=6876"}],"curies":[{"name":"wp","href":"https:\/\/api.w.org\/{rel}","templated":true}]}}