{"id":6982,"date":"2022-01-14T10:12:45","date_gmt":"2022-01-14T09:12:45","guid":{"rendered":"https:\/\/cristi017.supserv.cozmoslabs.com\/?post_type=product&#038;p=6982"},"modified":"2022-01-14T10:14:58","modified_gmt":"2022-01-14T09:14:58","slug":"mountainbike-intro-begynderkursus-i-hammer-bakker-soendag-den-29-maj-2022","status":"publish","type":"product","link":"https:\/\/cristi017.supserv.cozmoslabs.com\/de\/produkt\/mountainbike-intro-begynderkursus-i-hammer-bakker-soendag-den-29-maj-2022\/","title":{"rendered":"Mountainbike Intro (Anf\u00e4ngerkurs in Hammer Bakker) Sonntag, 29. Mai 2022"},"content":{"rendered":"","protected":false},"excerpt":{"rendered":"<p>M\u00f6chten Sie sehen, ob Mountainbiken etwas f\u00fcr Sie ist?<\/p>\n<p>Beim Mountainbike Intro werden Sie in die Grundtechniken des Mountainbikens eingef\u00fchrt. Hier besteht die M\u00f6glichkeit, Ihre Technik zu verbessern und sich zum sicheren Fahren auf dem Mountainbike anzuleiten. Sie werden einen Teil des Waldes kennenlernen und einen Spaziergang machen.<\/p>\n<p>Eine offensichtliche Option, bevor Sie die gesamte Ausr\u00fcstung kaufen.<\/p>\n<p>F\u00fcr den Kurs kann ein Mountainbike f\u00fcr nur 200,- extra gemietet werden (wird weiter unten hinzugef\u00fcgt) In der Miete enthalten sind Helm, Multitool, Montiereisen, extra Schlauch und Lochzange.<\/p>\n<p>Mountainbike Intro enth\u00e4lt:<\/p>\n<ul>\n<li>Mountainbike-Lehrer mit Unterrichtserfahrung<\/li>\n<li>Aufbau eines Mountainbikes<\/li>\n<li>Kleidung, Sicherheit, Verantwortlichkeiten und Regeln<\/li>\n<li>Position auf dem Mountainbike<\/li>\n<li>Techniken zum Fahren auf MTB-Strecken, einschlie\u00dflich Bremstechniken, Wendetechniken und Techniken f\u00fcr Hindernisse auf der Strecke.<\/li>\n<\/ul>\n<p>Treffpunkt: Hammer Bakker - Shelterpladsen, M\u00f8gelmosevej 61, 9310 Vodskov<\/p>\n<p>Dauer: 2,5 Stunden<\/p>\n<p>Mindestens 4 Teilnehmer<\/p>\n<p>Teilnehmerverantwortung: Die Teilnahme erfolgt auf eigene Gefahr. Der Kursleiter organisiert den Kurs so, dass das Niveau an die Gruppe angepasst ist. Sollten Sie sich wider Erwarten bei bestimmten \u00dcbungen nicht wohlf\u00fchlen, teilen Sie dies dem Ausbilder mit.<\/p>","protected":false},"featured_media":5887,"template":"","meta":{"_monsterinsights_skip_tracking":false,"_monsterinsights_sitenote_active":false,"_monsterinsights_sitenote_note":"","_monsterinsights_sitenote_category":0},"product_cat":[207],"product_tag":[212,214,211,209,225,226,213],"supplier_id":null,"supplier_sku":"","atum_controlled":true,"out_stock_date":null,"out_stock_threshold":null,"inheritable":false,"inbound_stock":0,"stock_on_hold":0,"sold_today":0,"sales_last_days":0,"reserved_stock":0,"customer_returns":0,"warehouse_damage":0,"lost_in_post":0,"other_logs":0,"out_stock_days":0,"lost_sales":0,"has_location":false,"update_date":"2026-04-05T06:19:38","atum_locations":[],"atum_stock_status":"instock","low_stock":false,"low_stock_amount":"","sales_update_date":"2026-04-05T06:19:38","translation":{"provider":"WPGlobus","version":"2.8.11","language":"de","enabled_languages":["da","de","gb"],"languages":{"da":{"title":true,"content":false,"excerpt":true},"de":{"title":false,"content":false,"excerpt":false},"gb":{"title":false,"content":false,"excerpt":false}}},"_links":{"self":[{"href":"https:\/\/cristi017.supserv.cozmoslabs.com\/de\/wp-json\/wp\/v2\/product\/6982"}],"collection":[{"href":"https:\/\/cristi017.supserv.cozmoslabs.com\/de\/wp-json\/wp\/v2\/product"}],"about":[{"href":"https:\/\/cristi017.supserv.cozmoslabs.com\/de\/wp-json\/wp\/v2\/types\/product"}],"wp:featuredmedia":[{"embeddable":true,"href":"https:\/\/cristi017.supserv.cozmoslabs.com\/de\/wp-json\/wp\/v2\/media\/5887"}],"wp:attachment":[{"href":"https:\/\/cristi017.supserv.cozmoslabs.com\/de\/wp-json\/wp\/v2\/media?parent=6982"}],"wp:term":[{"taxonomy":"product_cat","embeddable":true,"href":"https:\/\/cristi017.supserv.cozmoslabs.com\/de\/wp-json\/wp\/v2\/product_cat?post=6982"},{"taxonomy":"product_tag","embeddable":true,"href":"https:\/\/cristi017.supserv.cozmoslabs.com\/de\/wp-json\/wp\/v2\/product_tag?post=6982"}],"curies":[{"name":"wp","href":"https:\/\/api.w.org\/{rel}","templated":true}]}}