{"id":7691,"date":"2022-04-27T13:57:27","date_gmt":"2022-04-27T11:57:27","guid":{"rendered":"https:\/\/cristi017.supserv.cozmoslabs.com\/?post_type=product&#038;p=7691"},"modified":"2022-04-28T22:34:50","modified_gmt":"2022-04-28T20:34:50","slug":"rebild-kano-frokost-og-vandring","status":"publish","type":"product","link":"https:\/\/cristi017.supserv.cozmoslabs.com\/de\/produkt\/rebild-kano-frokost-og-vandring\/","title":{"rendered":"Rebild - Kanufahren, Mittagessen und Wandern"},"content":{"rendered":"","protected":false},"excerpt":{"rendered":"<p>Begleiten Sie uns zum sch\u00f6nsten Naturerlebnis mitten in Rebild!<br \/>\nDie Reise besteht aus: 8 km in einem Kanu von Oplev, Gravlev nach Klepholm, bei Klepholm Shelterplads backen wir Fladenbrot, das in einem Pizzaofen erhitzt wird, und bekommen eine Erfrischung am Feuer. Anschlie\u00dfend laufen wir die 10 km. zur\u00fcck zu Erfahrung bei Gravlev.<\/p>\n<p>Praktische Information:<br \/>\nDatum: 19. Juni 2022<br \/>\nTreffpunkt um 9.30 Uhr<br \/>\nDauer: ca. 5 Stunden<br \/>\nSitzpl\u00e4tze: ca. 45 Pers<br \/>\nKanustrecke: ca. 8 km. (3 Stunden)<br \/>\nGeschwindigkeit: 5 km\/h. (SCHNELLE Zeit! - wir werden als Gruppenr\u00fcckgabe verfolgt)<br \/>\nPreis: DKK 400 \/ Person (Sie sitzen 3 Erwachsene oder 2 Erwachsene und 2 Kinder in jedem Kanu)<\/p>\n<p>Beinhaltet: Kanuverleih, Schwimmweste, Kochen sowie Zutaten und gef\u00fchrte Wanderung zur\u00fcck. 5 Stunden Arrangement.<br \/>\nTreffpunkt und Parkplatz: An der Kreuzung zwischen R\u00f8de M\u00f8llevej und V\u00e6lderskoven.<br \/>\nAu\u00dferdem: Der Umwelt zuliebe bitte eigene Tasse und Teller mitbringen.<br \/>\nTragen Sie je nach Wetter praktische Kleidung und Schuhe, da es sowohl rutschig als auch schlammig sein kann.<\/p>\n<p>Stornierung: Da wir in der Natur arbeiten, liegen einige Dinge nicht in unserer Hand. Es gibt daher nur wenige Wetterbedingungen, die zu einer Absage der Reise f\u00fchren k\u00f6nnen, dies ist u.a. ist Donner, wenn wir durch Wald gehen, Sturmflut, sowie Sturm und Eisfall.<br \/>\nDies dient der Sicherheit aller.<br \/>\nIm Falle einer Wetterstornierung wird NICHT erstattet, da alles fr\u00fcher am Tag gekauft wird.<br \/>\nR\u00fcckerstattung: Keine R\u00fcckerstattung bei Stornierung oder Nichterscheinen, da es sich um eine Veranstaltung mit begrenzten Pl\u00e4tzen handelt<\/p>","protected":false},"featured_media":6014,"template":"","meta":{"_monsterinsights_skip_tracking":false,"_monsterinsights_sitenote_active":false,"_monsterinsights_sitenote_note":"","_monsterinsights_sitenote_category":0},"product_cat":[64],"product_tag":[],"supplier_id":null,"supplier_sku":"","atum_controlled":true,"out_stock_date":null,"out_stock_threshold":null,"inheritable":false,"inbound_stock":null,"stock_on_hold":0,"sold_today":0,"sales_last_days":0,"reserved_stock":null,"customer_returns":null,"warehouse_damage":null,"lost_in_post":null,"other_logs":null,"out_stock_days":0,"lost_sales":0,"has_location":true,"update_date":"2026-04-06T06:19:39","atum_locations":[{"id":277,"name":"Rebild - Kryds hvor R\u00f8de M\u00f8llevej og V\u00e6lderskoven m\u00f8des","slug":"rebild-kryds-hvor-roede-moellevej-og-vaelderskoven-moedes"}],"atum_stock_status":"instock","low_stock":false,"low_stock_amount":"","sales_update_date":"2026-04-06T06:19:39","translation":{"provider":"WPGlobus","version":"2.8.11","language":"de","enabled_languages":["da","de","gb"],"languages":{"da":{"title":true,"content":false,"excerpt":true},"de":{"title":false,"content":false,"excerpt":false},"gb":{"title":false,"content":false,"excerpt":false}}},"_links":{"self":[{"href":"https:\/\/cristi017.supserv.cozmoslabs.com\/de\/wp-json\/wp\/v2\/product\/7691"}],"collection":[{"href":"https:\/\/cristi017.supserv.cozmoslabs.com\/de\/wp-json\/wp\/v2\/product"}],"about":[{"href":"https:\/\/cristi017.supserv.cozmoslabs.com\/de\/wp-json\/wp\/v2\/types\/product"}],"wp:featuredmedia":[{"embeddable":true,"href":"https:\/\/cristi017.supserv.cozmoslabs.com\/de\/wp-json\/wp\/v2\/media\/6014"}],"wp:attachment":[{"href":"https:\/\/cristi017.supserv.cozmoslabs.com\/de\/wp-json\/wp\/v2\/media?parent=7691"}],"wp:term":[{"taxonomy":"product_cat","embeddable":true,"href":"https:\/\/cristi017.supserv.cozmoslabs.com\/de\/wp-json\/wp\/v2\/product_cat?post=7691"},{"taxonomy":"product_tag","embeddable":true,"href":"https:\/\/cristi017.supserv.cozmoslabs.com\/de\/wp-json\/wp\/v2\/product_tag?post=7691"}],"curies":[{"name":"wp","href":"https:\/\/api.w.org\/{rel}","templated":true}]}}