{"id":7691,"date":"2022-04-27T13:57:27","date_gmt":"2022-04-27T11:57:27","guid":{"rendered":"https:\/\/cristi017.supserv.cozmoslabs.com\/?post_type=product&#038;p=7691"},"modified":"2022-04-28T22:34:50","modified_gmt":"2022-04-28T20:34:50","slug":"rebild-kano-frokost-og-vandring","status":"publish","type":"product","link":"https:\/\/cristi017.supserv.cozmoslabs.com\/en\/product\/rebild-kano-frokost-og-vandring\/","title":{"rendered":"Rebild - Canoeing, lunch and hiking"},"content":{"rendered":"","protected":false},"excerpt":{"rendered":"<p>Join us for the most beautiful nature experience in the middle of Rebild!<br \/>\nThe trip consists of: 8 km in a canoe from Oplev, Gravlev to Klepholm, at Klepholm shelter site, we make pita bread, which is heated in a pizza oven and get a refreshment by the fire. Subsequently we walk the 10 km. return to Experience at Gravlev.<\/p>\n<p>Practical information:<br \/>\nDate: June 19, 2022<br \/>\nMeeting time at 9.30<br \/>\nDuration: about 5 hours<br \/>\nSeats: approx. 45 pers<br \/>\nCanoe distance: about 8 km. (3 hours)<br \/>\nSpeed: 5 km \/ h. (FAST time! - we are followed as a group return)<br \/>\nPrice: DKK 400 \/ person (you sit 3 adults, or 2 adults and 2 children in each canoe)<\/p>\n<p>Include: Canoe rental, life jacket, cooking as well as ingredients and guided walk return. 5 hour arrangement.<br \/>\nMeeting place and parking: At the intersection between R\u00f8de M\u00f8llevej and V\u00e6lderskoven.<br \/>\nFurther: Please bring your own cup and plate for the sake of the environment.<br \/>\nWear practical clothing and footwear, depending on the weather, as it can be both slippery and muddy.<\/p>\n<p>Cancellation: As we work in nature, some things are out of our hands. There are therefore few weather conditions can cause the trip to be canceled, this is i.a. is thunder as we walk in forest, storm surge, as well as storm, and icefall.<br \/>\nThis is for everyone&#039;s safety.<br \/>\nIn case of weather cancellation, will NOT be refunded as everything will be purchased earlier in the day.<br \/>\nRefund: No refund in case of cancellation or no-show, as it is an event with limited seats<\/p>","protected":false},"featured_media":6014,"template":"","meta":{"_monsterinsights_skip_tracking":false,"_monsterinsights_sitenote_active":false,"_monsterinsights_sitenote_note":"","_monsterinsights_sitenote_category":0},"product_cat":[64],"product_tag":[],"supplier_id":null,"supplier_sku":"","atum_controlled":true,"out_stock_date":null,"out_stock_threshold":null,"inheritable":false,"inbound_stock":null,"stock_on_hold":0,"sold_today":0,"sales_last_days":0,"reserved_stock":null,"customer_returns":null,"warehouse_damage":null,"lost_in_post":null,"other_logs":null,"out_stock_days":0,"lost_sales":0,"has_location":true,"update_date":"2026-04-08T06:20:43","atum_locations":[{"id":277,"name":"Rebild - Kryds hvor R\u00f8de M\u00f8llevej og V\u00e6lderskoven m\u00f8des","slug":"rebild-kryds-hvor-roede-moellevej-og-vaelderskoven-moedes"}],"atum_stock_status":"instock","low_stock":false,"low_stock_amount":"","sales_update_date":"2026-04-08T06:20:43","translation":{"provider":"WPGlobus","version":"2.8.11","language":"da","enabled_languages":["da","de","gb"],"languages":{"da":{"title":true,"content":false,"excerpt":true},"de":{"title":false,"content":false,"excerpt":false},"gb":{"title":false,"content":false,"excerpt":false}}},"_links":{"self":[{"href":"https:\/\/cristi017.supserv.cozmoslabs.com\/en\/wp-json\/wp\/v2\/product\/7691"}],"collection":[{"href":"https:\/\/cristi017.supserv.cozmoslabs.com\/en\/wp-json\/wp\/v2\/product"}],"about":[{"href":"https:\/\/cristi017.supserv.cozmoslabs.com\/en\/wp-json\/wp\/v2\/types\/product"}],"wp:featuredmedia":[{"embeddable":true,"href":"https:\/\/cristi017.supserv.cozmoslabs.com\/en\/wp-json\/wp\/v2\/media\/6014"}],"wp:attachment":[{"href":"https:\/\/cristi017.supserv.cozmoslabs.com\/en\/wp-json\/wp\/v2\/media?parent=7691"}],"wp:term":[{"taxonomy":"product_cat","embeddable":true,"href":"https:\/\/cristi017.supserv.cozmoslabs.com\/en\/wp-json\/wp\/v2\/product_cat?post=7691"},{"taxonomy":"product_tag","embeddable":true,"href":"https:\/\/cristi017.supserv.cozmoslabs.com\/en\/wp-json\/wp\/v2\/product_tag?post=7691"}],"curies":[{"name":"wp","href":"https:\/\/api.w.org\/{rel}","templated":true}]}}