{"id":5935,"date":"2020-12-28T13:21:49","date_gmt":"2020-12-28T12:21:49","guid":{"rendered":"https:\/\/cristi017.supserv.cozmoslabs.com\/?post_type=product&#038;p=5935"},"modified":"2022-01-31T10:07:19","modified_gmt":"2022-01-31T09:07:19","slug":"saunahytten","status":"publish","type":"product","link":"https:\/\/cristi017.supserv.cozmoslabs.com\/gb\/vare\/saunahytten\/","title":{"rendered":"Saunahytten"},"content":{"rendered":"<p>De fleste af os nyder at m\u00e6rke livet, og s\u00e6tter pris p\u00e5 at have tid til at m\u00e6rke livet! Desv\u00e6rre er det bare ikke l\u00e6ngere s\u00e5 nemt \u2013 tingene g\u00e5r ofte for st\u00e6rkt i en travl hverdag, hvor det hele skal n\u00e5s p\u00e5 den halve tid.<\/p>\n<p>M\u00e5ske er du derfor nu landet det helt rigtige sted! Saunahytten.dk tilbyder nemlig noget s\u00e5 sk\u00f8nt og sk\u00f8rt som en sauna p\u00e5 hjul. Med plads til lidt ekstra luksus, til dig, dine venner, din familie eller dine kollegaer. Her kan I lade tiden st\u00e5 lidt stille og m\u00e6rke livet \u2013 bare et par timer.<\/p>\n<p>Det er muligt at leje os i og omkring Blokhus, Aalborg eller et andet sted i Nordjylland.<\/p>\n<p>Book her eller se mere p\u00e5 <a href=\"http:\/\/www.saunahytten.dk\" target=\"_blank\" rel=\"noopener noreferrer\">www.saunahytten.dk<\/a><\/p>\n","protected":false},"excerpt":{"rendered":"<p>De fleste af os nyder at m\u00e6rke livet, og s\u00e6tter pris p\u00e5 at have tid til at m\u00e6rke livet! Desv\u00e6rre er det bare ikke l\u00e6ngere s\u00e5 nemt \u2013 tingene g\u00e5r [&hellip;]<\/p>\n","protected":false},"featured_media":5895,"template":"","meta":{"_monsterinsights_skip_tracking":false,"_monsterinsights_sitenote_active":false,"_monsterinsights_sitenote_note":"","_monsterinsights_sitenote_category":0},"product_cat":[63],"product_tag":[],"supplier_id":null,"supplier_sku":"","atum_controlled":true,"out_stock_date":null,"out_stock_threshold":null,"inheritable":false,"inbound_stock":0,"stock_on_hold":1,"sold_today":0,"sales_last_days":0,"reserved_stock":0,"customer_returns":0,"warehouse_damage":0,"lost_in_post":0,"other_logs":0,"out_stock_days":0,"lost_sales":0,"has_location":false,"update_date":"2026-04-09T06:21:43","atum_locations":[],"atum_stock_status":"instock","low_stock":false,"low_stock_amount":"","sales_update_date":"2026-04-09T06:21:43","translation":{"provider":"WPGlobus","version":"2.8.11","language":"gb","enabled_languages":["da","de","gb"],"languages":{"da":{"title":true,"content":true,"excerpt":false},"de":{"title":false,"content":false,"excerpt":false},"gb":{"title":false,"content":false,"excerpt":false}}},"_links":{"self":[{"href":"https:\/\/cristi017.supserv.cozmoslabs.com\/gb\/wp-json\/wp\/v2\/product\/5935"}],"collection":[{"href":"https:\/\/cristi017.supserv.cozmoslabs.com\/gb\/wp-json\/wp\/v2\/product"}],"about":[{"href":"https:\/\/cristi017.supserv.cozmoslabs.com\/gb\/wp-json\/wp\/v2\/types\/product"}],"wp:featuredmedia":[{"embeddable":true,"href":"https:\/\/cristi017.supserv.cozmoslabs.com\/gb\/wp-json\/wp\/v2\/media\/5895"}],"wp:attachment":[{"href":"https:\/\/cristi017.supserv.cozmoslabs.com\/gb\/wp-json\/wp\/v2\/media?parent=5935"}],"wp:term":[{"taxonomy":"product_cat","embeddable":true,"href":"https:\/\/cristi017.supserv.cozmoslabs.com\/gb\/wp-json\/wp\/v2\/product_cat?post=5935"},{"taxonomy":"product_tag","embeddable":true,"href":"https:\/\/cristi017.supserv.cozmoslabs.com\/gb\/wp-json\/wp\/v2\/product_tag?post=5935"}],"curies":[{"name":"wp","href":"https:\/\/api.w.org\/{rel}","templated":true}]}}