{"id":6855,"date":"2022-01-12T16:24:57","date_gmt":"2022-01-12T15:24:57","guid":{"rendered":"https:\/\/cristi017.supserv.cozmoslabs.com\/?post_type=product&#038;p=6855"},"modified":"2022-01-12T16:25:54","modified_gmt":"2022-01-12T15:25:54","slug":"sup-intro-1-intro-2-aalborg-loerdag-den-20-august-2022-kl-10-00-12-00-21-august-2022-kl-10-00-12-00","status":"publish","type":"product","link":"https:\/\/cristi017.supserv.cozmoslabs.com\/gb\/vare\/sup-intro-1-intro-2-aalborg-loerdag-den-20-august-2022-kl-10-00-12-00-21-august-2022-kl-10-00-12-00\/","title":{"rendered":"SUP Intro 1 + Intro 2 (Aalborg) L\u00f8rdag den 20. august 2022 kl. 10.00-12.00 + 21. august 2022 kl. 10.00-12.00"},"content":{"rendered":"","protected":false},"excerpt":{"rendered":"<h4>Beskrivelse af Stand Up Paddle introduktion 1<\/h4>\n<div>Begynderkursus i SUP &#8211; Bliv introduceret til et Stand Up Paddleboard. Vores uddannede instrukt\u00f8rer g\u00f8r at du kan opleve SUP p\u00e5 en sikker m\u00e5de, samt l\u00e6re de basal teknikker.<\/div>\n<div>\n<h4>Indhold (Niveau 1)<\/h4>\n<p>Du f\u00e5r et overblik over sikkerhed og teknik. Vi vejleder dig ogs\u00e5 i forbindelse med valg af board og giver dig inspiration til hvordan SUP kan g\u00f8res endnu mere tilg\u00e6ngelig. Du vil blive inspireret, samt have en sjov og sikker oplevelse p\u00e5 vandet.<\/p>\n<p>Introduktionskurser foreg\u00e5r p\u00e5 roligt og beskyttet vand.<\/p>\n<div>\n<h4>Indhold (Niveau 2)<\/h4>\n<div>SUP niveau 2 er en overbygning p\u00e5 intro-kurset. Her f\u00e5r du mulighed for at forbedre din teknik og blive introduceret til nye \u00f8velser og lege. Du vil i et sikkert milj\u00f8 blive udfordret p\u00e5 din balance og f\u00f8ling med boardet gennem \u00f8velser og lege. Du vil desuden f\u00e5 muligheden for at arbejde mere i dybden med teknikker i paddle-tag og styring af boardet. Det er den oplagte mulighed for at l\u00e6re mere om SUP, samt at have det sjovt p\u00e5 vandet med instrukt\u00f8ren og de andre deltagere.<\/div>\n<\/div>\n<\/div>\n<h5>Information<\/h5>\n<p>Inkluderet i prisen er leje af Stand Up Paddleboard, v\u00e5ddragt, neoprensko og sv\u00f8mmevest, men du er velkommen til at medbringe dit eget udstyr.<\/p>\n<p>Krav for at deltage er at du skal kunne sv\u00f8mme. Vi skaber rammerne for en god dag \ud83d\ude42<\/p>\n","protected":false},"featured_media":6070,"template":"","meta":{"_monsterinsights_skip_tracking":false,"_monsterinsights_sitenote_active":false,"_monsterinsights_sitenote_note":"","_monsterinsights_sitenote_category":0},"product_cat":[64,207],"product_tag":[212,214,211,209,213,221,220],"supplier_id":null,"supplier_sku":"","atum_controlled":true,"out_stock_date":null,"out_stock_threshold":null,"inheritable":false,"inbound_stock":0,"stock_on_hold":0,"sold_today":0,"sales_last_days":0,"reserved_stock":0,"customer_returns":0,"warehouse_damage":0,"lost_in_post":0,"other_logs":0,"out_stock_days":0,"lost_sales":0,"has_location":false,"update_date":"2026-04-07T06:19:40","atum_locations":[],"atum_stock_status":"instock","low_stock":false,"low_stock_amount":"","sales_update_date":"2026-04-07T06:19:40","translation":{"provider":"WPGlobus","version":"2.8.11","language":"gb","enabled_languages":["da","de","gb"],"languages":{"da":{"title":true,"content":false,"excerpt":true},"de":{"title":false,"content":false,"excerpt":false},"gb":{"title":false,"content":false,"excerpt":false}}},"_links":{"self":[{"href":"https:\/\/cristi017.supserv.cozmoslabs.com\/gb\/wp-json\/wp\/v2\/product\/6855"}],"collection":[{"href":"https:\/\/cristi017.supserv.cozmoslabs.com\/gb\/wp-json\/wp\/v2\/product"}],"about":[{"href":"https:\/\/cristi017.supserv.cozmoslabs.com\/gb\/wp-json\/wp\/v2\/types\/product"}],"wp:featuredmedia":[{"embeddable":true,"href":"https:\/\/cristi017.supserv.cozmoslabs.com\/gb\/wp-json\/wp\/v2\/media\/6070"}],"wp:attachment":[{"href":"https:\/\/cristi017.supserv.cozmoslabs.com\/gb\/wp-json\/wp\/v2\/media?parent=6855"}],"wp:term":[{"taxonomy":"product_cat","embeddable":true,"href":"https:\/\/cristi017.supserv.cozmoslabs.com\/gb\/wp-json\/wp\/v2\/product_cat?post=6855"},{"taxonomy":"product_tag","embeddable":true,"href":"https:\/\/cristi017.supserv.cozmoslabs.com\/gb\/wp-json\/wp\/v2\/product_tag?post=6855"}],"curies":[{"name":"wp","href":"https:\/\/api.w.org\/{rel}","templated":true}]}}