{"id":6859,"date":"2022-01-12T16:29:21","date_gmt":"2022-01-12T15:29:21","guid":{"rendered":"https:\/\/cristi017.supserv.cozmoslabs.com\/?post_type=product&#038;p=6859"},"modified":"2022-01-12T16:33:49","modified_gmt":"2022-01-12T15:33:49","slug":"sup-intro-2-aalborg-soendag-den-28-august-2022-kl-12-30-14-30","status":"publish","type":"product","link":"https:\/\/cristi017.supserv.cozmoslabs.com\/gb\/vare\/sup-intro-2-aalborg-soendag-den-28-august-2022-kl-12-30-14-30\/","title":{"rendered":"SUP Intro 2 (Aalborg) S\u00f8ndag den 28. august 2022 kl. 12.30-14.30"},"content":{"rendered":"","protected":false},"excerpt":{"rendered":"<h4>Beskrivelse af Stand Up Paddle introduktion 2<\/h4>\n<div>Begynderkursus i SUP &#8211; Bliv introduceret til et Stand Up Paddleboard. Vores uddannede instrukt\u00f8rer g\u00f8r at du kan opleve SUP p\u00e5 en sikker m\u00e5de, samt l\u00e6re de basal teknikker.<\/div>\n<div>\n<p><strong>Indhold (Niveau 2)<\/strong><\/p>\n<div>\n<div>SUP niveau 2 er en overbygning p\u00e5 intro-kurset. Her f\u00e5r du mulighed for at forbedre din teknik og blive introduceret til nye \u00f8velser og lege. Du vil i et sikkert milj\u00f8 blive udfordret p\u00e5 din balance og f\u00f8ling med boardet gennem \u00f8velser og lege. Du vil desuden f\u00e5 muligheden for at arbejde mere i dybden med teknikker i paddle-tag og styring af boardet. Det er den oplagte mulighed for at l\u00e6re mere om SUP, samt at have det sjovt p\u00e5 vandet med instrukt\u00f8ren og de andre deltagere.<\/div>\n<\/div>\n<\/div>\n<h5>Information<\/h5>\n<p>Inkluderet i prisen er leje af Stand Up Paddleboard, v\u00e5ddragt, neoprensko og sv\u00f8mmevest, men du er velkommen til at medbringe dit eget udstyr.<\/p>\n<p>Krav for at deltage er at du skal kunne sv\u00f8mme. Vi skaber rammerne for en god dag \ud83d\ude42<\/p>\n","protected":false},"featured_media":6070,"template":"","meta":{"_monsterinsights_skip_tracking":false,"_monsterinsights_sitenote_active":false,"_monsterinsights_sitenote_note":"","_monsterinsights_sitenote_category":0},"product_cat":[64,207],"product_tag":[212,214,211,209,213,221,220],"supplier_id":null,"supplier_sku":"","atum_controlled":true,"out_stock_date":null,"out_stock_threshold":null,"inheritable":false,"inbound_stock":0,"stock_on_hold":0,"sold_today":0,"sales_last_days":0,"reserved_stock":0,"customer_returns":0,"warehouse_damage":0,"lost_in_post":0,"other_logs":0,"out_stock_days":0,"lost_sales":0,"has_location":false,"update_date":"2026-04-07T06:19:40","atum_locations":[],"atum_stock_status":"instock","low_stock":false,"low_stock_amount":"","sales_update_date":"2026-04-07T06:19:40","translation":{"provider":"WPGlobus","version":"2.8.11","language":"gb","enabled_languages":["da","de","gb"],"languages":{"da":{"title":true,"content":false,"excerpt":true},"de":{"title":false,"content":false,"excerpt":false},"gb":{"title":false,"content":false,"excerpt":false}}},"_links":{"self":[{"href":"https:\/\/cristi017.supserv.cozmoslabs.com\/gb\/wp-json\/wp\/v2\/product\/6859"}],"collection":[{"href":"https:\/\/cristi017.supserv.cozmoslabs.com\/gb\/wp-json\/wp\/v2\/product"}],"about":[{"href":"https:\/\/cristi017.supserv.cozmoslabs.com\/gb\/wp-json\/wp\/v2\/types\/product"}],"wp:featuredmedia":[{"embeddable":true,"href":"https:\/\/cristi017.supserv.cozmoslabs.com\/gb\/wp-json\/wp\/v2\/media\/6070"}],"wp:attachment":[{"href":"https:\/\/cristi017.supserv.cozmoslabs.com\/gb\/wp-json\/wp\/v2\/media?parent=6859"}],"wp:term":[{"taxonomy":"product_cat","embeddable":true,"href":"https:\/\/cristi017.supserv.cozmoslabs.com\/gb\/wp-json\/wp\/v2\/product_cat?post=6859"},{"taxonomy":"product_tag","embeddable":true,"href":"https:\/\/cristi017.supserv.cozmoslabs.com\/gb\/wp-json\/wp\/v2\/product_tag?post=6859"}],"curies":[{"name":"wp","href":"https:\/\/api.w.org\/{rel}","templated":true}]}}