{"id":6863,"date":"2022-01-12T16:34:34","date_gmt":"2022-01-12T15:34:34","guid":{"rendered":"https:\/\/cristi017.supserv.cozmoslabs.com\/?post_type=product&#038;p=6863"},"modified":"2022-01-12T16:35:59","modified_gmt":"2022-01-12T15:35:59","slug":"sup-intro-1-aalborg-soendag-den-18-september-2022-kl-12-30-14-30","status":"publish","type":"product","link":"https:\/\/cristi017.supserv.cozmoslabs.com\/gb\/vare\/sup-intro-1-aalborg-soendag-den-18-september-2022-kl-12-30-14-30\/","title":{"rendered":"SUP Intro 1 (Aalborg) S\u00f8ndag den 18. september 2022 kl. 12.30-14.30"},"content":{"rendered":"","protected":false},"excerpt":{"rendered":"<h4>Beskrivelse af Stand Up Paddle introduktion<\/h4>\n<div>Begynderkursus i SUP &#8211; Bliv introduceret til et Stand Up Paddleboard. Vores uddannede instrukt\u00f8rer g\u00f8r at du kan opleve SUP p\u00e5 en sikker m\u00e5de, samt l\u00e6re de basal teknikker.<\/div>\n<div>\n<h4>Indhold<\/h4>\n<p>Du f\u00e5r et overblik over sikkerhed og teknik. Vi vejleder dig ogs\u00e5 i forbindelse med valg af board og giver dig inspiration til hvordan SUP kan g\u00f8res endnu mere tilg\u00e6ngelig. Du vil blive inspireret, samt have en sjov og sikker oplevelse p\u00e5 vandet.<\/p>\n<p>Introduktionskurser foreg\u00e5r p\u00e5 roligt og beskyttet vand.<\/p>\n<\/div>\n<h5>Information<\/h5>\n<p>Inkluderet i prisen er leje af Stand Up Paddleboard, v\u00e5ddragt, neoprensko og sv\u00f8mmevest, men du er velkommen til at medbringe dit eget udstyr.<\/p>\n<p>Krav for at deltage er at du skal kunne sv\u00f8mme. Vi skaber rammerne for en god dag \ud83d\ude42<\/p>\n","protected":false},"featured_media":6070,"template":"","meta":{"_monsterinsights_skip_tracking":false,"_monsterinsights_sitenote_active":false,"_monsterinsights_sitenote_note":"","_monsterinsights_sitenote_category":0},"product_cat":[64,207],"product_tag":[212,214,211,209,213,221,220],"supplier_id":null,"supplier_sku":"","atum_controlled":true,"out_stock_date":null,"out_stock_threshold":null,"inheritable":false,"inbound_stock":0,"stock_on_hold":0,"sold_today":0,"sales_last_days":0,"reserved_stock":0,"customer_returns":0,"warehouse_damage":0,"lost_in_post":0,"other_logs":0,"out_stock_days":0,"lost_sales":0,"has_location":false,"update_date":"2026-04-05T06:19:38","atum_locations":[],"atum_stock_status":"instock","low_stock":false,"low_stock_amount":"","sales_update_date":"2026-04-05T06:19:38","translation":{"provider":"WPGlobus","version":"2.8.11","language":"gb","enabled_languages":["da","de","gb"],"languages":{"da":{"title":true,"content":false,"excerpt":true},"de":{"title":false,"content":false,"excerpt":false},"gb":{"title":false,"content":false,"excerpt":false}}},"_links":{"self":[{"href":"https:\/\/cristi017.supserv.cozmoslabs.com\/gb\/wp-json\/wp\/v2\/product\/6863"}],"collection":[{"href":"https:\/\/cristi017.supserv.cozmoslabs.com\/gb\/wp-json\/wp\/v2\/product"}],"about":[{"href":"https:\/\/cristi017.supserv.cozmoslabs.com\/gb\/wp-json\/wp\/v2\/types\/product"}],"wp:featuredmedia":[{"embeddable":true,"href":"https:\/\/cristi017.supserv.cozmoslabs.com\/gb\/wp-json\/wp\/v2\/media\/6070"}],"wp:attachment":[{"href":"https:\/\/cristi017.supserv.cozmoslabs.com\/gb\/wp-json\/wp\/v2\/media?parent=6863"}],"wp:term":[{"taxonomy":"product_cat","embeddable":true,"href":"https:\/\/cristi017.supserv.cozmoslabs.com\/gb\/wp-json\/wp\/v2\/product_cat?post=6863"},{"taxonomy":"product_tag","embeddable":true,"href":"https:\/\/cristi017.supserv.cozmoslabs.com\/gb\/wp-json\/wp\/v2\/product_tag?post=6863"}],"curies":[{"name":"wp","href":"https:\/\/api.w.org\/{rel}","templated":true}]}}