{"id":6899,"date":"2022-01-12T17:20:45","date_gmt":"2022-01-12T16:20:45","guid":{"rendered":"https:\/\/cristi017.supserv.cozmoslabs.com\/?post_type=product&#038;p=6899"},"modified":"2022-01-12T17:21:44","modified_gmt":"2022-01-12T16:21:44","slug":"havkajak-introaalborg-soendag-den-18-september-2022-kl-9-30-12-00","status":"publish","type":"product","link":"https:\/\/cristi017.supserv.cozmoslabs.com\/gb\/vare\/havkajak-introaalborg-soendag-den-18-september-2022-kl-9-30-12-00\/","title":{"rendered":"Havkajak Intro(Aalborg) S\u00f8ndag den 18. september 2022 kl. 9.30-12.00"},"content":{"rendered":"","protected":false},"excerpt":{"rendered":"<h4>Havkajak Introduktion<\/h4>\n<p>Vil du se om havkajak er noget for dig, s\u00e5 er et havkajak introduktion forl\u00f8b et godt udgangspunkt. Du bliver introduceret til de mest grundl\u00e6ggende teknikker til fremadroning og bliver bekendt med grundl\u00e6ggende forhold omkring kajakroning.<\/p>\n<p>Inkluderet i prisen er leje af havkajak, v\u00e5ddragt, neoprensko og sv\u00f8mmevest, men du er velkommen til at medbringe dit eget udstyr.<\/p>\n","protected":false},"featured_media":5917,"template":"","meta":{"_monsterinsights_skip_tracking":false,"_monsterinsights_sitenote_active":false,"_monsterinsights_sitenote_note":"","_monsterinsights_sitenote_category":0},"product_cat":[64,207],"product_tag":[212,214,208,211,209,213],"supplier_id":null,"supplier_sku":"","atum_controlled":true,"out_stock_date":null,"out_stock_threshold":null,"inheritable":false,"inbound_stock":0,"stock_on_hold":0,"sold_today":0,"sales_last_days":0,"reserved_stock":0,"customer_returns":0,"warehouse_damage":0,"lost_in_post":0,"other_logs":0,"out_stock_days":0,"lost_sales":0,"has_location":false,"update_date":"2026-04-05T06:19:40","atum_locations":[],"atum_stock_status":"instock","low_stock":false,"low_stock_amount":"","sales_update_date":"2026-04-05T06:19:40","translation":{"provider":"WPGlobus","version":"2.8.11","language":"gb","enabled_languages":["da","de","gb"],"languages":{"da":{"title":true,"content":false,"excerpt":true},"de":{"title":false,"content":false,"excerpt":false},"gb":{"title":false,"content":false,"excerpt":false}}},"_links":{"self":[{"href":"https:\/\/cristi017.supserv.cozmoslabs.com\/gb\/wp-json\/wp\/v2\/product\/6899"}],"collection":[{"href":"https:\/\/cristi017.supserv.cozmoslabs.com\/gb\/wp-json\/wp\/v2\/product"}],"about":[{"href":"https:\/\/cristi017.supserv.cozmoslabs.com\/gb\/wp-json\/wp\/v2\/types\/product"}],"wp:featuredmedia":[{"embeddable":true,"href":"https:\/\/cristi017.supserv.cozmoslabs.com\/gb\/wp-json\/wp\/v2\/media\/5917"}],"wp:attachment":[{"href":"https:\/\/cristi017.supserv.cozmoslabs.com\/gb\/wp-json\/wp\/v2\/media?parent=6899"}],"wp:term":[{"taxonomy":"product_cat","embeddable":true,"href":"https:\/\/cristi017.supserv.cozmoslabs.com\/gb\/wp-json\/wp\/v2\/product_cat?post=6899"},{"taxonomy":"product_tag","embeddable":true,"href":"https:\/\/cristi017.supserv.cozmoslabs.com\/gb\/wp-json\/wp\/v2\/product_tag?post=6899"}],"curies":[{"name":"wp","href":"https:\/\/api.w.org\/{rel}","templated":true}]}}