{"id":6973,"date":"2022-01-14T09:46:40","date_gmt":"2022-01-14T08:46:40","guid":{"rendered":"https:\/\/cristi017.supserv.cozmoslabs.com\/?post_type=product&#038;p=6973"},"modified":"2022-01-19T07:48:11","modified_gmt":"2022-01-19T06:48:11","slug":"mountainbike-intro-begynderkursus-i-hammer-bakker","status":"publish","type":"product","link":"https:\/\/cristi017.supserv.cozmoslabs.com\/gb\/vare\/mountainbike-intro-begynderkursus-i-hammer-bakker\/","title":{"rendered":"Mountainbike Intro (Begynderkursus i Hammer Bakker) S\u00f8ndag den 24. april 2022"},"content":{"rendered":"","protected":false},"excerpt":{"rendered":"<p>Har du lyst til at se om mountainbike er noget for dig?<\/p>\n<p>P\u00e5 Mountainbike Intro bliver du introduceret til de grundl\u00e6ggende teknikker p\u00e5 mountainbike. Her er mulighed for at forbedre din teknik og for vejledning i sikker k\u00f8rsel p\u00e5 mountainbike. Du kommer til at kende og pr\u00f8ve en tur i en del af skoven.<\/p>\n<p>En oplagt mulighed inden du k\u00f8ber alt udstyret.<\/p>\n<p>Der er mulighed for at leje mountainbike til kurset for kun 200,- ekstra (Tilf\u00f8jes l\u00e6ngere nede) Inkluderet i leje er hjelm, multitool, d\u00e6kjern, ekstra slange og punpe.<\/p>\n<p>Mountainbike Intro indeholder:<\/p>\n<ul>\n<li>Mountainbikeinstrukt\u00f8r med undervisningserfaring<\/li>\n<li>Ops\u00e6tning af mountainbike<\/li>\n<li>P\u00e5kl\u00e6dning, sikkerhed, ansvar og regler<\/li>\n<li>Position p\u00e5 mountainbike<\/li>\n<li>Teknik til k\u00f8rsel p\u00e5 mtb-spor, herunder bremseteknik, svingteknik og teknik ved forhindringer p\u00e5 sporet.<\/li>\n<\/ul>\n<p>M\u00f8dested: Hammer Bakker &#8211; Shelterpladsen, M\u00f8gelmosevej 61, 9310 Vodskov<\/p>\n<p>Varighed: 2,5 timer<\/p>\n<p>Minimum 4 deltagere<\/p>\n<p>Deltageransvar: Du deltager p\u00e5 eget ansvar. Instrukt\u00f8reren tilrettel\u00e6gger kurset, s\u00e5 niveauet er tilpasset gruppen. Er du, mod forventning, ikke tryg ved bestemte \u00f8velser, s\u00e5 informere instrukt\u00f8reren herom.<\/p>\n","protected":false},"featured_media":5887,"template":"","meta":{"_monsterinsights_skip_tracking":false,"_monsterinsights_sitenote_active":false,"_monsterinsights_sitenote_note":"","_monsterinsights_sitenote_category":0},"product_cat":[207],"product_tag":[212,214,211,209,225,226,213],"supplier_id":null,"supplier_sku":"","atum_controlled":true,"out_stock_date":null,"out_stock_threshold":null,"inheritable":false,"inbound_stock":0,"stock_on_hold":0,"sold_today":0,"sales_last_days":0,"reserved_stock":0,"customer_returns":0,"warehouse_damage":0,"lost_in_post":0,"other_logs":0,"out_stock_days":0,"lost_sales":0,"has_location":false,"update_date":"2026-04-06T06:19:41","atum_locations":[],"atum_stock_status":"instock","low_stock":false,"low_stock_amount":"","sales_update_date":"2026-04-06T06:19:41","translation":{"provider":"WPGlobus","version":"2.8.11","language":"gb","enabled_languages":["da","de","gb"],"languages":{"da":{"title":true,"content":false,"excerpt":true},"de":{"title":false,"content":false,"excerpt":false},"gb":{"title":false,"content":false,"excerpt":false}}},"_links":{"self":[{"href":"https:\/\/cristi017.supserv.cozmoslabs.com\/gb\/wp-json\/wp\/v2\/product\/6973"}],"collection":[{"href":"https:\/\/cristi017.supserv.cozmoslabs.com\/gb\/wp-json\/wp\/v2\/product"}],"about":[{"href":"https:\/\/cristi017.supserv.cozmoslabs.com\/gb\/wp-json\/wp\/v2\/types\/product"}],"wp:featuredmedia":[{"embeddable":true,"href":"https:\/\/cristi017.supserv.cozmoslabs.com\/gb\/wp-json\/wp\/v2\/media\/5887"}],"wp:attachment":[{"href":"https:\/\/cristi017.supserv.cozmoslabs.com\/gb\/wp-json\/wp\/v2\/media?parent=6973"}],"wp:term":[{"taxonomy":"product_cat","embeddable":true,"href":"https:\/\/cristi017.supserv.cozmoslabs.com\/gb\/wp-json\/wp\/v2\/product_cat?post=6973"},{"taxonomy":"product_tag","embeddable":true,"href":"https:\/\/cristi017.supserv.cozmoslabs.com\/gb\/wp-json\/wp\/v2\/product_tag?post=6973"}],"curies":[{"name":"wp","href":"https:\/\/api.w.org\/{rel}","templated":true}]}}