{"id":7691,"date":"2022-04-27T13:57:27","date_gmt":"2022-04-27T11:57:27","guid":{"rendered":"https:\/\/cristi017.supserv.cozmoslabs.com\/?post_type=product&#038;p=7691"},"modified":"2022-04-28T22:34:50","modified_gmt":"2022-04-28T20:34:50","slug":"rebild-kano-frokost-og-vandring","status":"publish","type":"product","link":"https:\/\/cristi017.supserv.cozmoslabs.com\/gb\/vare\/rebild-kano-frokost-og-vandring\/","title":{"rendered":"Rebild &#8211; Kano, frokost og vandring"},"content":{"rendered":"","protected":false},"excerpt":{"rendered":"<p>Kom med p\u00e5 den sk\u00f8nneste naturoplevelse midt i Rebild!<br \/>\nTuren best\u00e5r af: 8 km i kano fra Oplev, Gravlev til Klepholm, ved Klepholm shelterplads, laver vi pitabr\u00f8d, som varmes i pizza-ovn og f\u00e5r en forfriskning ved b\u00e5let. Efterf\u00f8lgende g\u00e5r vi de 10 km. retur til Oplev ved Gravlev.<\/p>\n<p>Praktisk info:<br \/>\nDato: 19 juni 2022<br \/>\nM\u00f8de tid kl 9.30<br \/>\nVarighed: ca 5 timer<br \/>\nPladser: ca 45 pers<br \/>\nKano distance: ca 8 km. (3 timer)<br \/>\nTempo: 5 km\/t. (RASK gang! &#8211; vi f\u00f8lges som gruppe retur)<br \/>\nPris: 400 kr. \/ pers (man sidder 3 voksne, eller 2 voksne og 2 b\u00f8rn i hver kano)<\/p>\n<p>Inkludere: Kanoleje, redningsvest, madlavning samt r\u00e5varer og guided g\u00e5tur retur. 5 timers arrangement.<br \/>\nM\u00f8dested og parkering: Ved kryds mellem R\u00f8de M\u00f8llevej og V\u00e6lderskoven.<br \/>\nYderligere: Medbring gerne egen kop og tallerken for milj\u00f8ets skyld.<br \/>\nHav praktisk t\u00f8j og fodt\u00f8j p\u00e5, efter vejret, da der b\u00e5de kan v\u00e6re glat og mudret.<\/p>\n<p>Aflysning: Da vi arbejder i naturen, er nogle ting ude af vores h\u00e6nder. Der er derfor f\u00e5 vejrforhold kan g\u00f8re at turen bliver aflyst, dette er bl.a. er torden, da vi g\u00e5r i skov, stormflod, samt storm, og isslag.<br \/>\nDette er for alles sikkerhed.<br \/>\nDer vil i tilf\u00e6lde af vejrforholds-aflysning, IKKE blive refunderet, da alt bliver indk\u00f8bt f\u00f8r p\u00e5 dagen.<br \/>\nRefundering: Der refunderes ikke ved aflysning eller udeblivelse, da det er et arrangement med begr\u00e6nset pladser<\/p>\n","protected":false},"featured_media":6014,"template":"","meta":{"_monsterinsights_skip_tracking":false,"_monsterinsights_sitenote_active":false,"_monsterinsights_sitenote_note":"","_monsterinsights_sitenote_category":0},"product_cat":[64],"product_tag":[],"supplier_id":null,"supplier_sku":"","atum_controlled":true,"out_stock_date":null,"out_stock_threshold":null,"inheritable":false,"inbound_stock":null,"stock_on_hold":0,"sold_today":0,"sales_last_days":0,"reserved_stock":null,"customer_returns":null,"warehouse_damage":null,"lost_in_post":null,"other_logs":null,"out_stock_days":0,"lost_sales":0,"has_location":true,"update_date":"2026-04-07T06:19:40","atum_locations":[{"id":277,"name":"Rebild - Kryds hvor R\u00f8de M\u00f8llevej og V\u00e6lderskoven m\u00f8des","slug":"rebild-kryds-hvor-roede-moellevej-og-vaelderskoven-moedes"}],"atum_stock_status":"instock","low_stock":false,"low_stock_amount":"","sales_update_date":"2026-04-07T06:19:40","translation":{"provider":"WPGlobus","version":"2.8.11","language":"gb","enabled_languages":["da","de","gb"],"languages":{"da":{"title":true,"content":false,"excerpt":true},"de":{"title":false,"content":false,"excerpt":false},"gb":{"title":false,"content":false,"excerpt":false}}},"_links":{"self":[{"href":"https:\/\/cristi017.supserv.cozmoslabs.com\/gb\/wp-json\/wp\/v2\/product\/7691"}],"collection":[{"href":"https:\/\/cristi017.supserv.cozmoslabs.com\/gb\/wp-json\/wp\/v2\/product"}],"about":[{"href":"https:\/\/cristi017.supserv.cozmoslabs.com\/gb\/wp-json\/wp\/v2\/types\/product"}],"wp:featuredmedia":[{"embeddable":true,"href":"https:\/\/cristi017.supserv.cozmoslabs.com\/gb\/wp-json\/wp\/v2\/media\/6014"}],"wp:attachment":[{"href":"https:\/\/cristi017.supserv.cozmoslabs.com\/gb\/wp-json\/wp\/v2\/media?parent=7691"}],"wp:term":[{"taxonomy":"product_cat","embeddable":true,"href":"https:\/\/cristi017.supserv.cozmoslabs.com\/gb\/wp-json\/wp\/v2\/product_cat?post=7691"},{"taxonomy":"product_tag","embeddable":true,"href":"https:\/\/cristi017.supserv.cozmoslabs.com\/gb\/wp-json\/wp\/v2\/product_tag?post=7691"}],"curies":[{"name":"wp","href":"https:\/\/api.w.org\/{rel}","templated":true}]}}