{"id":6855,"date":"2022-01-12T16:24:57","date_gmt":"2022-01-12T15:24:57","guid":{"rendered":"https:\/\/cristi017.supserv.cozmoslabs.com\/?post_type=product&#038;p=6855"},"modified":"2022-01-12T16:25:54","modified_gmt":"2022-01-12T15:25:54","slug":"sup-intro-1-intro-2-aalborg-loerdag-den-20-august-2022-kl-10-00-12-00-21-august-2022-kl-10-00-12-00","status":"publish","type":"product","link":"https:\/\/cristi017.supserv.cozmoslabs.com\/nb\/produkt\/sup-intro-1-intro-2-aalborg-loerdag-den-20-august-2022-kl-10-00-12-00-21-august-2022-kl-10-00-12-00\/","title":{"rendered":"SUP Intro 1 + Intro 2 (Aalborg) L\u00f8rdag 20. august 2022 kl 10.00-12.00 + 21. august 2022 kl 10.00-12.00"},"content":{"rendered":"","protected":false},"excerpt":{"rendered":"<h4>Beskrivelse av introduksjonen til Stand Up Paddle 1<\/h4>\n<div>Nybegynnerkurs i SUP - Bli kjent med et Stand Up Paddleboard. V\u00e5re trente instrukt\u00f8rer lar deg oppleve SUP p\u00e5 en trygg m\u00e5te, samt l\u00e6re de grunnleggende teknikkene.<\/div>\n<div>\n<h4>Innhold (niv\u00e5 1)<\/h4>\n<p>Du f\u00e5r oversikt over sikkerhet og teknologi. Vi veileder deg ogs\u00e5 i valg av tavle og gir deg inspirasjon til hvordan SUP kan gj\u00f8res enda mer tilgjengelig. Du vil bli inspirert, samt ha en morsom og trygg opplevelse p\u00e5 vannet.<\/p>\n<p>Innf\u00f8ringskurs foreg\u00e5r p\u00e5 rolig og beskyttet vann.<\/p>\n<div>\n<h4>Innhold (niv\u00e5 2)<\/h4>\n<div>SUP niv\u00e5 2 er en overbygning p\u00e5 introkurset. Her f\u00e5r du muligheten til \u00e5 forbedre teknikken og bli introdusert for nye \u00f8velser og spill. I trygge omgivelser vil du bli utfordret p\u00e5 balanse og f\u00f8lelse med brettet gjennom \u00f8velser og spill. Du vil ogs\u00e5 f\u00e5 mulighet til \u00e5 jobbe mer i dybden med teknikker innen padletekking og styrekontroll. Det er den opplagte muligheten til \u00e5 l\u00e6re mer om SUP, samt \u00e5 ha det g\u00f8y p\u00e5 vannet sammen med instrukt\u00f8ren og de andre deltakerne.<\/div>\n<\/div>\n<\/div>\n<h5>Informasjon<\/h5>\n<p>Inkludert i prisen er leie av Stand Up Paddleboard, v\u00e5tdrakt, neoprensko og redningsvest, men du er velkommen til \u00e5 ta med eget utstyr.<\/p>\n<p>Krav for \u00e5 delta er at du m\u00e5 kunne sv\u00f8mme. Vi lager rammene for en god dag \ud83d\ude42<\/p>","protected":false},"featured_media":6070,"template":"","meta":{"_monsterinsights_skip_tracking":false,"_monsterinsights_sitenote_active":false,"_monsterinsights_sitenote_note":"","_monsterinsights_sitenote_category":0},"product_cat":[64,207],"product_tag":[212,214,211,209,213,221,220],"supplier_id":null,"supplier_sku":"","atum_controlled":true,"out_stock_date":null,"out_stock_threshold":null,"inheritable":false,"inbound_stock":0,"stock_on_hold":0,"sold_today":0,"sales_last_days":0,"reserved_stock":0,"customer_returns":0,"warehouse_damage":0,"lost_in_post":0,"other_logs":0,"out_stock_days":0,"lost_sales":0,"has_location":false,"update_date":"2026-04-10T06:22:38","atum_locations":[],"atum_stock_status":"instock","low_stock":false,"low_stock_amount":"","sales_update_date":"2026-04-10T06:22:38","translation":{"provider":"WPGlobus","version":"2.8.11","language":"da","enabled_languages":["da","de","gb"],"languages":{"da":{"title":true,"content":false,"excerpt":true},"de":{"title":false,"content":false,"excerpt":false},"gb":{"title":false,"content":false,"excerpt":false}}},"_links":{"self":[{"href":"https:\/\/cristi017.supserv.cozmoslabs.com\/nb\/wp-json\/wp\/v2\/product\/6855"}],"collection":[{"href":"https:\/\/cristi017.supserv.cozmoslabs.com\/nb\/wp-json\/wp\/v2\/product"}],"about":[{"href":"https:\/\/cristi017.supserv.cozmoslabs.com\/nb\/wp-json\/wp\/v2\/types\/product"}],"wp:featuredmedia":[{"embeddable":true,"href":"https:\/\/cristi017.supserv.cozmoslabs.com\/nb\/wp-json\/wp\/v2\/media\/6070"}],"wp:attachment":[{"href":"https:\/\/cristi017.supserv.cozmoslabs.com\/nb\/wp-json\/wp\/v2\/media?parent=6855"}],"wp:term":[{"taxonomy":"product_cat","embeddable":true,"href":"https:\/\/cristi017.supserv.cozmoslabs.com\/nb\/wp-json\/wp\/v2\/product_cat?post=6855"},{"taxonomy":"product_tag","embeddable":true,"href":"https:\/\/cristi017.supserv.cozmoslabs.com\/nb\/wp-json\/wp\/v2\/product_tag?post=6855"}],"curies":[{"name":"wp","href":"https:\/\/api.w.org\/{rel}","templated":true}]}}