{"id":6882,"date":"2022-01-12T17:04:26","date_gmt":"2022-01-12T16:04:26","guid":{"rendered":"https:\/\/cristi017.supserv.cozmoslabs.com\/?post_type=product&#038;p=6882"},"modified":"2022-01-12T17:09:22","modified_gmt":"2022-01-12T16:09:22","slug":"instruktoer-1-kursus-aalborg-18-19-juni-2022-kl-8-30-16-30-begge-dage","status":"publish","type":"product","link":"https:\/\/cristi017.supserv.cozmoslabs.com\/nb\/produkt\/instruktoer-1-kursus-aalborg-18-19-juni-2022-kl-8-30-16-30-begge-dage\/","title":{"rendered":"Instrukt\u00f8r 1 kurs (Aalborg) 18. - 19. juni 2022 kl 8.30-16.30 begge dager"},"content":{"rendered":"","protected":false},"excerpt":{"rendered":"<h4>Sj\u00f8kajakkinstrukt\u00f8r1 Kurs<\/h4>\n<p>Beskrivelse av instrukt\u00f8r1<\/p>\n<p>Dette kurset fokuserer p\u00e5 \u00e5 bli en god l\u00e6rer i grunnleggende ferdigheter i kajakkpadling. Undervisningsteknikker og teknisk gjennomgang av ulike tak p\u00e5 vann og land vil bli gjennomg\u00e5tt og praktisert.<\/p>\n<p>P\u00e5 dette kurset vil du bli kledd for \u00e5 l\u00e6re andre.<\/p>","protected":false},"featured_media":6073,"template":"","meta":{"_monsterinsights_skip_tracking":false,"_monsterinsights_sitenote_active":false,"_monsterinsights_sitenote_note":"","_monsterinsights_sitenote_category":0},"product_cat":[64,207],"product_tag":[212,214,208,210,209,213],"supplier_id":null,"supplier_sku":"","atum_controlled":true,"out_stock_date":null,"out_stock_threshold":null,"inheritable":false,"inbound_stock":0,"stock_on_hold":0,"sold_today":0,"sales_last_days":0,"reserved_stock":0,"customer_returns":0,"warehouse_damage":0,"lost_in_post":0,"other_logs":0,"out_stock_days":0,"lost_sales":0,"has_location":false,"update_date":"2026-04-08T06:20:43","atum_locations":[],"atum_stock_status":"instock","low_stock":false,"low_stock_amount":"","sales_update_date":"2026-04-08T06:20:43","translation":{"provider":"WPGlobus","version":"2.8.11","language":"da","enabled_languages":["da","de","gb"],"languages":{"da":{"title":true,"content":false,"excerpt":true},"de":{"title":false,"content":false,"excerpt":false},"gb":{"title":false,"content":false,"excerpt":false}}},"_links":{"self":[{"href":"https:\/\/cristi017.supserv.cozmoslabs.com\/nb\/wp-json\/wp\/v2\/product\/6882"}],"collection":[{"href":"https:\/\/cristi017.supserv.cozmoslabs.com\/nb\/wp-json\/wp\/v2\/product"}],"about":[{"href":"https:\/\/cristi017.supserv.cozmoslabs.com\/nb\/wp-json\/wp\/v2\/types\/product"}],"wp:featuredmedia":[{"embeddable":true,"href":"https:\/\/cristi017.supserv.cozmoslabs.com\/nb\/wp-json\/wp\/v2\/media\/6073"}],"wp:attachment":[{"href":"https:\/\/cristi017.supserv.cozmoslabs.com\/nb\/wp-json\/wp\/v2\/media?parent=6882"}],"wp:term":[{"taxonomy":"product_cat","embeddable":true,"href":"https:\/\/cristi017.supserv.cozmoslabs.com\/nb\/wp-json\/wp\/v2\/product_cat?post=6882"},{"taxonomy":"product_tag","embeddable":true,"href":"https:\/\/cristi017.supserv.cozmoslabs.com\/nb\/wp-json\/wp\/v2\/product_tag?post=6882"}],"curies":[{"name":"wp","href":"https:\/\/api.w.org\/{rel}","templated":true}]}}