{"id":7691,"date":"2022-04-27T13:57:27","date_gmt":"2022-04-27T11:57:27","guid":{"rendered":"https:\/\/cristi017.supserv.cozmoslabs.com\/?post_type=product&#038;p=7691"},"modified":"2022-04-28T22:34:50","modified_gmt":"2022-04-28T20:34:50","slug":"rebild-kano-frokost-og-vandring","status":"publish","type":"product","link":"https:\/\/cristi017.supserv.cozmoslabs.com\/nb\/produkt\/rebild-kano-frokost-og-vandring\/","title":{"rendered":"Rebild - Kanopadling, lunsj og fotturer"},"content":{"rendered":"","protected":false},"excerpt":{"rendered":"<p>Bli med p\u00e5 den vakreste naturopplevelsen midt i Rebild!<br \/>\nTuren best\u00e5r av: 8 km i kano fra Oplev, Gravlev til Klepholm, ved Klepholm shelterplads, lager vi pitabr\u00f8d, som varmes i en pizzaovn og f\u00e5r en forfriskning ved b\u00e5let. Deretter g\u00e5r vi de 10 km. tilbake til Experience at Gravlev.<\/p>\n<p>Praktisk informasjon:<br \/>\nDato: 19. juni 2022<br \/>\nOppm\u00f8te kl 9.30<br \/>\nVarighet: ca 5 timer<br \/>\nSeter: ca 45 pers<br \/>\nKanoavstand: ca 8 km. (3 timer)<br \/>\nHastighet: 5 km\/t. (RASK tid! - vi f\u00f8lges som grupperetur)<br \/>\nPris: 400 DKK \/ person (du sitter 3 voksne, eller 2 voksne og 2 barn i hver kano)<\/p>\n<p>Inkluderer: Kanoutleie, redningsvest, matlaging samt ingredienser og guidet tur retur. 5 timers arrangement.<br \/>\nM\u00f8teplass og parkering: I krysset mellom R\u00f8de M\u00f8llevej og V\u00e6lderskoven.<br \/>\nVidere: Ta med egen kopp og tallerken av hensyn til milj\u00f8et.<br \/>\nBruk praktiske kl\u00e6r og fott\u00f8y, avhengig av v\u00e6ret, da det kan v\u00e6re b\u00e5de glatt og gj\u00f8rmete.<\/p>\n<p>Avbestilling: N\u00e5r vi jobber i naturen, er noen ting ute av v\u00e5re hender. Det er derfor f\u00e5 v\u00e6rforhold som kan f\u00f8re til at turen kanselleres, dette er bl.a. er torden n\u00e5r vi g\u00e5r i skogen, stormflo, samt storm og isfall.<br \/>\nDette er for alles sikkerhet.<br \/>\nVed v\u00e6rkansellering, vil IKKE bli refundert da alt vil bli kj\u00f8pt tidligere p\u00e5 dagen.<br \/>\nRefusjon: Ingen refusjon ved avbestilling eller manglende oppm\u00f8te, da det er et arrangement med begrensede plasser<\/p>","protected":false},"featured_media":6014,"template":"","meta":{"_monsterinsights_skip_tracking":false,"_monsterinsights_sitenote_active":false,"_monsterinsights_sitenote_note":"","_monsterinsights_sitenote_category":0},"product_cat":[64],"product_tag":[],"supplier_id":null,"supplier_sku":"","atum_controlled":true,"out_stock_date":null,"out_stock_threshold":null,"inheritable":false,"inbound_stock":null,"stock_on_hold":0,"sold_today":0,"sales_last_days":0,"reserved_stock":null,"customer_returns":null,"warehouse_damage":null,"lost_in_post":null,"other_logs":null,"out_stock_days":0,"lost_sales":0,"has_location":true,"update_date":"2026-04-05T06:19:39","atum_locations":[{"id":277,"name":"Rebild - Kryds hvor R\u00f8de M\u00f8llevej og V\u00e6lderskoven m\u00f8des","slug":"rebild-kryds-hvor-roede-moellevej-og-vaelderskoven-moedes"}],"atum_stock_status":"instock","low_stock":false,"low_stock_amount":"","sales_update_date":"2026-04-05T06:19:39","translation":{"provider":"WPGlobus","version":"2.8.11","language":"da","enabled_languages":["da","de","gb"],"languages":{"da":{"title":true,"content":false,"excerpt":true},"de":{"title":false,"content":false,"excerpt":false},"gb":{"title":false,"content":false,"excerpt":false}}},"_links":{"self":[{"href":"https:\/\/cristi017.supserv.cozmoslabs.com\/nb\/wp-json\/wp\/v2\/product\/7691"}],"collection":[{"href":"https:\/\/cristi017.supserv.cozmoslabs.com\/nb\/wp-json\/wp\/v2\/product"}],"about":[{"href":"https:\/\/cristi017.supserv.cozmoslabs.com\/nb\/wp-json\/wp\/v2\/types\/product"}],"wp:featuredmedia":[{"embeddable":true,"href":"https:\/\/cristi017.supserv.cozmoslabs.com\/nb\/wp-json\/wp\/v2\/media\/6014"}],"wp:attachment":[{"href":"https:\/\/cristi017.supserv.cozmoslabs.com\/nb\/wp-json\/wp\/v2\/media?parent=7691"}],"wp:term":[{"taxonomy":"product_cat","embeddable":true,"href":"https:\/\/cristi017.supserv.cozmoslabs.com\/nb\/wp-json\/wp\/v2\/product_cat?post=7691"},{"taxonomy":"product_tag","embeddable":true,"href":"https:\/\/cristi017.supserv.cozmoslabs.com\/nb\/wp-json\/wp\/v2\/product_tag?post=7691"}],"curies":[{"name":"wp","href":"https:\/\/api.w.org\/{rel}","templated":true}]}}