{"id":5935,"date":"2020-12-28T13:21:49","date_gmt":"2020-12-28T12:21:49","guid":{"rendered":"https:\/\/cristi017.supserv.cozmoslabs.com\/?post_type=product&#038;p=5935"},"modified":"2022-01-31T10:07:19","modified_gmt":"2022-01-31T09:07:19","slug":"saunahytten","status":"publish","type":"product","link":"https:\/\/cristi017.supserv.cozmoslabs.com\/sv\/produkt\/saunahytten\/","title":{"rendered":"Bastun"},"content":{"rendered":"<p>De flesta av oss tycker om att k\u00e4nna livet och uppskattar att ha tid att k\u00e4nna livet! Tyv\u00e4rr \u00e4r det bara inte s\u00e5 enkelt l\u00e4ngre - saker g\u00e5r ofta f\u00f6r fort under en hektisk dag, d\u00e4r allt m\u00e5ste uppn\u00e5s p\u00e5 halva tiden.<\/p>\n<p>Kanske \u00e4r det d\u00e4rf\u00f6r du \u00e4r p\u00e5 r\u00e4tt plats nu! Saunahytten.dk erbjuder n\u00e5got s\u00e5 vackert och galet som en bastu p\u00e5 hjul. Med plats f\u00f6r lite extra lyx, f\u00f6r dig, dina v\u00e4nner, din familj eller dina kollegor. H\u00e4r kan du l\u00e5ta tiden st\u00e5 stilla och k\u00e4nna livet - bara n\u00e5gra timmar.<\/p>\n<p>Det \u00e4r m\u00f6jligt att hyra oss i och runt Blokhus, Aalborg eller n\u00e5gon annan plats i Nordjylland.<\/p>\n<p>Boka h\u00e4r eller se mer p\u00e5 <a href=\"http:\/\/www.saunahytten.dk\" target=\"_blank\" rel=\"noopener noreferrer\">www.saunahytten.dk<\/a><\/p>","protected":false},"excerpt":{"rendered":"<p>De fleste af os nyder at m\u00e6rke livet, og s\u00e6tter pris p\u00e5 at have tid til at m\u00e6rke livet! Desv\u00e6rre er det bare ikke l\u00e6ngere s\u00e5 nemt \u2013 tingene g\u00e5r [&hellip;]<\/p>\n","protected":false},"featured_media":5895,"template":"","meta":{"_monsterinsights_skip_tracking":false,"_monsterinsights_sitenote_active":false,"_monsterinsights_sitenote_note":"","_monsterinsights_sitenote_category":0},"product_cat":[63],"product_tag":[],"supplier_id":null,"supplier_sku":"","atum_controlled":true,"out_stock_date":null,"out_stock_threshold":null,"inheritable":false,"inbound_stock":0,"stock_on_hold":1,"sold_today":0,"sales_last_days":0,"reserved_stock":0,"customer_returns":0,"warehouse_damage":0,"lost_in_post":0,"other_logs":0,"out_stock_days":0,"lost_sales":0,"has_location":false,"update_date":"2026-04-09T06:21:43","atum_locations":[],"atum_stock_status":"instock","low_stock":false,"low_stock_amount":"","sales_update_date":"2026-04-09T06:21:43","translation":{"provider":"WPGlobus","version":"2.8.11","language":"da","enabled_languages":["da","de","gb"],"languages":{"da":{"title":true,"content":true,"excerpt":false},"de":{"title":false,"content":false,"excerpt":false},"gb":{"title":false,"content":false,"excerpt":false}}},"_links":{"self":[{"href":"https:\/\/cristi017.supserv.cozmoslabs.com\/sv\/wp-json\/wp\/v2\/product\/5935"}],"collection":[{"href":"https:\/\/cristi017.supserv.cozmoslabs.com\/sv\/wp-json\/wp\/v2\/product"}],"about":[{"href":"https:\/\/cristi017.supserv.cozmoslabs.com\/sv\/wp-json\/wp\/v2\/types\/product"}],"wp:featuredmedia":[{"embeddable":true,"href":"https:\/\/cristi017.supserv.cozmoslabs.com\/sv\/wp-json\/wp\/v2\/media\/5895"}],"wp:attachment":[{"href":"https:\/\/cristi017.supserv.cozmoslabs.com\/sv\/wp-json\/wp\/v2\/media?parent=5935"}],"wp:term":[{"taxonomy":"product_cat","embeddable":true,"href":"https:\/\/cristi017.supserv.cozmoslabs.com\/sv\/wp-json\/wp\/v2\/product_cat?post=5935"},{"taxonomy":"product_tag","embeddable":true,"href":"https:\/\/cristi017.supserv.cozmoslabs.com\/sv\/wp-json\/wp\/v2\/product_tag?post=5935"}],"curies":[{"name":"wp","href":"https:\/\/api.w.org\/{rel}","templated":true}]}}