{"id":6803,"date":"2022-01-12T14:45:21","date_gmt":"2022-01-12T13:45:21","guid":{"rendered":"https:\/\/cristi017.supserv.cozmoslabs.com\/?post_type=product&#038;p=6803"},"modified":"2022-01-12T15:37:24","modified_gmt":"2022-01-12T14:37:24","slug":"havkajak-intro-aalborg-loerdag-den-30-april-2022-kl-9-30-12-00","status":"publish","type":"product","link":"https:\/\/cristi017.supserv.cozmoslabs.com\/sv\/produkt\/havkajak-intro-aalborg-loerdag-den-30-april-2022-kl-9-30-12-00\/","title":{"rendered":"Sea Kayak Intro (Aalborg) L\u00f6rdag 30 april 2022 kl 9.30-12.00"},"content":{"rendered":"","protected":false},"excerpt":{"rendered":"<h4>Sea Kayak Introduktion<\/h4>\n<p>Om du vill se om havskajakpaddling \u00e4r n\u00e5got f\u00f6r dig, \u00e4r en introduktionskurs f\u00f6r havskayak en bra utg\u00e5ngspunkt. Du kommer att introduceras till de mest grundl\u00e4ggande teknikerna f\u00f6r att drunkna fram\u00e5t och bli bekant med grunderna i kajakpaddling.<\/p>\n<p>I priset ing\u00e5r hyra av havskajak, v\u00e5tdr\u00e4kt, neoprenskor och flytv\u00e4st, men du \u00e4r v\u00e4lkommen att ta med egen utrustning.<\/p>","protected":false},"featured_media":5917,"template":"","meta":{"_monsterinsights_skip_tracking":false,"_monsterinsights_sitenote_active":false,"_monsterinsights_sitenote_note":"","_monsterinsights_sitenote_category":0},"product_cat":[64,207],"product_tag":[212,214,208,211,209,213],"supplier_id":null,"supplier_sku":"","atum_controlled":true,"out_stock_date":null,"out_stock_threshold":null,"inheritable":false,"inbound_stock":0,"stock_on_hold":0,"sold_today":0,"sales_last_days":0,"reserved_stock":0,"customer_returns":0,"warehouse_damage":0,"lost_in_post":0,"other_logs":0,"out_stock_days":0,"lost_sales":0,"has_location":false,"update_date":"2026-04-06T06:19:42","atum_locations":[],"atum_stock_status":"instock","low_stock":false,"low_stock_amount":"","sales_update_date":"2026-04-06T06:19:42","translation":{"provider":"WPGlobus","version":"2.8.11","language":"da","enabled_languages":["da","de","gb"],"languages":{"da":{"title":true,"content":false,"excerpt":true},"de":{"title":false,"content":false,"excerpt":false},"gb":{"title":false,"content":false,"excerpt":false}}},"_links":{"self":[{"href":"https:\/\/cristi017.supserv.cozmoslabs.com\/sv\/wp-json\/wp\/v2\/product\/6803"}],"collection":[{"href":"https:\/\/cristi017.supserv.cozmoslabs.com\/sv\/wp-json\/wp\/v2\/product"}],"about":[{"href":"https:\/\/cristi017.supserv.cozmoslabs.com\/sv\/wp-json\/wp\/v2\/types\/product"}],"wp:featuredmedia":[{"embeddable":true,"href":"https:\/\/cristi017.supserv.cozmoslabs.com\/sv\/wp-json\/wp\/v2\/media\/5917"}],"wp:attachment":[{"href":"https:\/\/cristi017.supserv.cozmoslabs.com\/sv\/wp-json\/wp\/v2\/media?parent=6803"}],"wp:term":[{"taxonomy":"product_cat","embeddable":true,"href":"https:\/\/cristi017.supserv.cozmoslabs.com\/sv\/wp-json\/wp\/v2\/product_cat?post=6803"},{"taxonomy":"product_tag","embeddable":true,"href":"https:\/\/cristi017.supserv.cozmoslabs.com\/sv\/wp-json\/wp\/v2\/product_tag?post=6803"}],"curies":[{"name":"wp","href":"https:\/\/api.w.org\/{rel}","templated":true}]}}