{"id":6843,"date":"2022-01-12T16:11:52","date_gmt":"2022-01-12T15:11:52","guid":{"rendered":"https:\/\/cristi017.supserv.cozmoslabs.com\/?post_type=product&#038;p=6843"},"modified":"2022-01-12T16:13:48","modified_gmt":"2022-01-12T15:13:48","slug":"sup-intro-1-intro-2-aalborg-loerdag-den-2-juli-2022-kl-10-00-12-00-soendag-den-3-juli-2022-kl-12-30-14-30","status":"publish","type":"product","link":"https:\/\/cristi017.supserv.cozmoslabs.com\/sv\/produkt\/sup-intro-1-intro-2-aalborg-loerdag-den-2-juli-2022-kl-10-00-12-00-soendag-den-3-juli-2022-kl-12-30-14-30\/","title":{"rendered":"SUP Intro 1 + Intro 2 (Aalborg) L\u00f6rdag 2 juli 2022 kl 10.00-12.00 + s\u00f6ndag 3 juli 2022 kl 12.30-14.30"},"content":{"rendered":"","protected":false},"excerpt":{"rendered":"<h4>Beskrivning av Stand Up Paddle-introduktion 1<\/h4>\n<div>Nyb\u00f6rjarkurs i SUP - Bli presenterad f\u00f6r ett Stand Up Paddleboard. V\u00e5ra utbildade instrukt\u00f6rer l\u00e5ter dig uppleva SUP p\u00e5 ett s\u00e4kert s\u00e4tt samt l\u00e4ra dig de grundl\u00e4ggande teknikerna.<\/div>\n<div>\n<h4>Inneh\u00e5ll (niv\u00e5 1)<\/h4>\n<p>Du f\u00e5r en \u00f6versikt \u00f6ver s\u00e4kerhet och teknik. Vi guidar dig ocks\u00e5 i valet av styrelse och ger dig inspiration om hur SUP kan g\u00f6ras \u00e4nnu mer tillg\u00e4ngligt. Du kommer att bli inspirerad och ha en rolig och s\u00e4ker upplevelse p\u00e5 vattnet.<\/p>\n<p>Inledningskurser \u00e4ger rum p\u00e5 lugnt och skyddat vatten.<\/p>\n<div>\n<h4>Inneh\u00e5ll (niv\u00e5 2)<\/h4>\n<div>SUP niv\u00e5 2 \u00e4r en \u00f6verbyggnad p\u00e5 introkursen. H\u00e4r f\u00e5r du m\u00f6jlighet att f\u00f6rb\u00e4ttra din teknik och bli introducerad till nya \u00f6vningar och spel. I en trygg milj\u00f6 kommer du att utmanas p\u00e5 din balans och k\u00e4nsla med br\u00e4dan genom \u00f6vningar och spel. Du f\u00e5r \u00e4ven m\u00f6jlighet att arbeta mer p\u00e5 djupet med tekniker inom paddeltak och br\u00e4dstyrning. Det \u00e4r den sj\u00e4lvklara m\u00f6jligheten att l\u00e4ra sig mer om SUP, samt att ha kul p\u00e5 vattnet med instrukt\u00f6ren och de andra deltagarna.<\/div>\n<\/div>\n<\/div>\n<h5>Information<\/h5>\n<p>I priset ing\u00e5r hyra av Stand Up Paddleboard, v\u00e5tdr\u00e4kt, neoprenskor och flytv\u00e4st, men du \u00e4r v\u00e4lkommen att ta med egen utrustning.<\/p>\n<p>Krav f\u00f6r att delta \u00e4r att du m\u00e5ste kunna simma. Vi skapar ramarna f\u00f6r en bra dag \ud83d\ude42<\/p>","protected":false},"featured_media":6070,"template":"","meta":{"_monsterinsights_skip_tracking":false,"_monsterinsights_sitenote_active":false,"_monsterinsights_sitenote_note":"","_monsterinsights_sitenote_category":0},"product_cat":[64,207],"product_tag":[212,214,211,209,213,221,220],"supplier_id":null,"supplier_sku":"","atum_controlled":true,"out_stock_date":null,"out_stock_threshold":null,"inheritable":false,"inbound_stock":0,"stock_on_hold":0,"sold_today":0,"sales_last_days":0,"reserved_stock":0,"customer_returns":0,"warehouse_damage":0,"lost_in_post":0,"other_logs":0,"out_stock_days":0,"lost_sales":0,"has_location":false,"update_date":"2026-04-08T06:20:42","atum_locations":[],"atum_stock_status":"instock","low_stock":false,"low_stock_amount":"","sales_update_date":"2026-04-08T06:20:42","translation":{"provider":"WPGlobus","version":"2.8.11","language":"da","enabled_languages":["da","de","gb"],"languages":{"da":{"title":true,"content":false,"excerpt":true},"de":{"title":false,"content":false,"excerpt":false},"gb":{"title":false,"content":false,"excerpt":false}}},"_links":{"self":[{"href":"https:\/\/cristi017.supserv.cozmoslabs.com\/sv\/wp-json\/wp\/v2\/product\/6843"}],"collection":[{"href":"https:\/\/cristi017.supserv.cozmoslabs.com\/sv\/wp-json\/wp\/v2\/product"}],"about":[{"href":"https:\/\/cristi017.supserv.cozmoslabs.com\/sv\/wp-json\/wp\/v2\/types\/product"}],"wp:featuredmedia":[{"embeddable":true,"href":"https:\/\/cristi017.supserv.cozmoslabs.com\/sv\/wp-json\/wp\/v2\/media\/6070"}],"wp:attachment":[{"href":"https:\/\/cristi017.supserv.cozmoslabs.com\/sv\/wp-json\/wp\/v2\/media?parent=6843"}],"wp:term":[{"taxonomy":"product_cat","embeddable":true,"href":"https:\/\/cristi017.supserv.cozmoslabs.com\/sv\/wp-json\/wp\/v2\/product_cat?post=6843"},{"taxonomy":"product_tag","embeddable":true,"href":"https:\/\/cristi017.supserv.cozmoslabs.com\/sv\/wp-json\/wp\/v2\/product_tag?post=6843"}],"curies":[{"name":"wp","href":"https:\/\/api.w.org\/{rel}","templated":true}]}}