{"id":6876,"date":"2022-01-12T16:55:32","date_gmt":"2022-01-12T15:55:32","guid":{"rendered":"https:\/\/cristi017.supserv.cozmoslabs.com\/?post_type=product&#038;p=6876"},"modified":"2022-05-08T16:58:01","modified_gmt":"2022-05-08T14:58:01","slug":"ipp2-kursus-aalborg-4-5-juni-2022-kl-8-30-16-30-begge-dage","status":"publish","type":"product","link":"https:\/\/cristi017.supserv.cozmoslabs.com\/sv\/produkt\/ipp2-kursus-aalborg-4-5-juni-2022-kl-8-30-16-30-begge-dage\/","title":{"rendered":"IPP2 kurs (Aalborg) 4 - 5 juni 2022 kl 8.30-16.30 b\u00e5da dagarna"},"content":{"rendered":"","protected":false},"excerpt":{"rendered":"<h4>Havspajak IPP2-kurs (nyb\u00f6rjarkurs)<\/h4>\n<p>En nyb\u00f6rjarkurs som \u00e4r en bra start f\u00f6r att bli en fullfj\u00e4drad havskayakare. IPP2-kursen inneh\u00e5ller en granskning av grundl\u00e4ggande tekniska f\u00e4rdigheter s\u00e5 att du s\u00e4kert kan navigera i din havskajak och r\u00e4dda dig sj\u00e4lv och din rumskompis.<\/p>\n<p>IPP2-kursen \u00e4r till\u00e5ten f\u00f6r de flesta havskajakklubbar. Kursbevis utf\u00e4rdas efter godk\u00e4nd kurs fr\u00e5n Danska kanot- och kajakf\u00f6reningen. Kursen h\u00e5lls under tv\u00e5 dagar med 8 timmar per. dag.<\/p>\n<p>Kursen passar dig som vill ro havskajak p\u00e5 fritiden \u2013 b\u00e5de privat och i klubb.<\/p>\n<p>IPP2-certifikatet \u00e4r ett krav f\u00f6r att bli medlem i de allra flesta kajakklubbar.<\/p>","protected":false},"featured_media":6073,"template":"","meta":{"_monsterinsights_skip_tracking":false,"_monsterinsights_sitenote_active":false,"_monsterinsights_sitenote_note":"","_monsterinsights_sitenote_category":0},"product_cat":[64,207],"product_tag":[212,214,208,210,209,213],"supplier_id":null,"supplier_sku":"","atum_controlled":true,"out_stock_date":null,"out_stock_threshold":null,"inheritable":false,"inbound_stock":0,"stock_on_hold":0,"sold_today":0,"sales_last_days":0,"reserved_stock":0,"customer_returns":0,"warehouse_damage":0,"lost_in_post":0,"other_logs":0,"out_stock_days":0,"lost_sales":0,"has_location":false,"update_date":"2026-04-08T06:20:42","atum_locations":[],"atum_stock_status":"instock","low_stock":false,"low_stock_amount":"","sales_update_date":"2026-04-08T06:20:42","translation":{"provider":"WPGlobus","version":"2.8.11","language":"da","enabled_languages":["da","de","gb"],"languages":{"da":{"title":true,"content":false,"excerpt":true},"de":{"title":false,"content":false,"excerpt":false},"gb":{"title":false,"content":false,"excerpt":false}}},"_links":{"self":[{"href":"https:\/\/cristi017.supserv.cozmoslabs.com\/sv\/wp-json\/wp\/v2\/product\/6876"}],"collection":[{"href":"https:\/\/cristi017.supserv.cozmoslabs.com\/sv\/wp-json\/wp\/v2\/product"}],"about":[{"href":"https:\/\/cristi017.supserv.cozmoslabs.com\/sv\/wp-json\/wp\/v2\/types\/product"}],"wp:featuredmedia":[{"embeddable":true,"href":"https:\/\/cristi017.supserv.cozmoslabs.com\/sv\/wp-json\/wp\/v2\/media\/6073"}],"wp:attachment":[{"href":"https:\/\/cristi017.supserv.cozmoslabs.com\/sv\/wp-json\/wp\/v2\/media?parent=6876"}],"wp:term":[{"taxonomy":"product_cat","embeddable":true,"href":"https:\/\/cristi017.supserv.cozmoslabs.com\/sv\/wp-json\/wp\/v2\/product_cat?post=6876"},{"taxonomy":"product_tag","embeddable":true,"href":"https:\/\/cristi017.supserv.cozmoslabs.com\/sv\/wp-json\/wp\/v2\/product_tag?post=6876"}],"curies":[{"name":"wp","href":"https:\/\/api.w.org\/{rel}","templated":true}]}}