{"id":6982,"date":"2022-01-14T10:12:45","date_gmt":"2022-01-14T09:12:45","guid":{"rendered":"https:\/\/cristi017.supserv.cozmoslabs.com\/?post_type=product&#038;p=6982"},"modified":"2022-01-14T10:14:58","modified_gmt":"2022-01-14T09:14:58","slug":"mountainbike-intro-begynderkursus-i-hammer-bakker-soendag-den-29-maj-2022","status":"publish","type":"product","link":"https:\/\/cristi017.supserv.cozmoslabs.com\/sv\/produkt\/mountainbike-intro-begynderkursus-i-hammer-bakker-soendag-den-29-maj-2022\/","title":{"rendered":"Mountainbike Intro (nyb\u00f6rjarkurs i Hammer Bakker) s\u00f6ndag 29 maj 2022"},"content":{"rendered":"","protected":false},"excerpt":{"rendered":"<p>Vill du se om mountainbike \u00e4r n\u00e5got f\u00f6r dig?<\/p>\n<p>P\u00e5 Mountainbike Intro kommer du att introduceras till de grundl\u00e4ggande teknikerna f\u00f6r mountainbike. H\u00e4r finns m\u00f6jligheten att f\u00f6rb\u00e4ttra din teknik och f\u00f6r v\u00e4gledning i s\u00e4ker k\u00f6rning p\u00e5 mountainbike. Du kommer att l\u00e4ra k\u00e4nna och prova en promenad i en del av skogen.<\/p>\n<p>Ett sj\u00e4lvklart alternativ innan du k\u00f6per all utrustning.<\/p>\n<p>Det finns m\u00f6jlighet att hyra en mountainbike till kursen f\u00f6r endast 200,- extra (L\u00e4ggs till l\u00e4ngre ner) I hyran ing\u00e5r hj\u00e4lm, multiverktyg, d\u00e4ckj\u00e4rn, extra slang och stans.<\/p>\n<p>Mountainbike Intro inneh\u00e5ller:<\/p>\n<ul>\n<li>Mountainbike-instrukt\u00f6r med undervisningserfarenhet<\/li>\n<li>Att st\u00e4lla upp en mountainbike<\/li>\n<li>Kl\u00e4dsel, s\u00e4kerhet, ansvar och regler<\/li>\n<li>Position p\u00e5 mountainbike<\/li>\n<li>Tekniker f\u00f6r att k\u00f6ra p\u00e5 mtb-banor, inklusive bromsteknik, v\u00e4ndteknik och teknik f\u00f6r hinder p\u00e5 banan.<\/li>\n<\/ul>\n<p>M\u00f6tesplats: Hammer Bakker - Shelterpladsen, M\u00f8gelmosevej 61, 9310 Vodskov<\/p>\n<p>L\u00e4ngd: 2,5 timmar<\/p>\n<p>Minst 4 deltagare<\/p>\n<p>Deltagaransvar: Du deltar p\u00e5 egen risk. Instrukt\u00f6ren organiserar kursen s\u00e5 att niv\u00e5n anpassas till gruppen. Om du mot f\u00f6rmodan inte \u00e4r bekv\u00e4m med vissa \u00f6vningar, informera instrukt\u00f6ren om detta.<\/p>","protected":false},"featured_media":5887,"template":"","meta":{"_monsterinsights_skip_tracking":false,"_monsterinsights_sitenote_active":false,"_monsterinsights_sitenote_note":"","_monsterinsights_sitenote_category":0},"product_cat":[207],"product_tag":[212,214,211,209,225,226,213],"supplier_id":null,"supplier_sku":"","atum_controlled":true,"out_stock_date":null,"out_stock_threshold":null,"inheritable":false,"inbound_stock":0,"stock_on_hold":0,"sold_today":0,"sales_last_days":0,"reserved_stock":0,"customer_returns":0,"warehouse_damage":0,"lost_in_post":0,"other_logs":0,"out_stock_days":0,"lost_sales":0,"has_location":false,"update_date":"2026-04-05T06:19:38","atum_locations":[],"atum_stock_status":"instock","low_stock":false,"low_stock_amount":"","sales_update_date":"2026-04-05T06:19:38","translation":{"provider":"WPGlobus","version":"2.8.11","language":"da","enabled_languages":["da","de","gb"],"languages":{"da":{"title":true,"content":false,"excerpt":true},"de":{"title":false,"content":false,"excerpt":false},"gb":{"title":false,"content":false,"excerpt":false}}},"_links":{"self":[{"href":"https:\/\/cristi017.supserv.cozmoslabs.com\/sv\/wp-json\/wp\/v2\/product\/6982"}],"collection":[{"href":"https:\/\/cristi017.supserv.cozmoslabs.com\/sv\/wp-json\/wp\/v2\/product"}],"about":[{"href":"https:\/\/cristi017.supserv.cozmoslabs.com\/sv\/wp-json\/wp\/v2\/types\/product"}],"wp:featuredmedia":[{"embeddable":true,"href":"https:\/\/cristi017.supserv.cozmoslabs.com\/sv\/wp-json\/wp\/v2\/media\/5887"}],"wp:attachment":[{"href":"https:\/\/cristi017.supserv.cozmoslabs.com\/sv\/wp-json\/wp\/v2\/media?parent=6982"}],"wp:term":[{"taxonomy":"product_cat","embeddable":true,"href":"https:\/\/cristi017.supserv.cozmoslabs.com\/sv\/wp-json\/wp\/v2\/product_cat?post=6982"},{"taxonomy":"product_tag","embeddable":true,"href":"https:\/\/cristi017.supserv.cozmoslabs.com\/sv\/wp-json\/wp\/v2\/product_tag?post=6982"}],"curies":[{"name":"wp","href":"https:\/\/api.w.org\/{rel}","templated":true}]}}