{"id":7691,"date":"2022-04-27T13:57:27","date_gmt":"2022-04-27T11:57:27","guid":{"rendered":"https:\/\/cristi017.supserv.cozmoslabs.com\/?post_type=product&#038;p=7691"},"modified":"2022-04-28T22:34:50","modified_gmt":"2022-04-28T20:34:50","slug":"rebild-kano-frokost-og-vandring","status":"publish","type":"product","link":"https:\/\/cristi017.supserv.cozmoslabs.com\/sv\/produkt\/rebild-kano-frokost-og-vandring\/","title":{"rendered":"Rebild - Paddling, lunch och vandring"},"content":{"rendered":"","protected":false},"excerpt":{"rendered":"<p>F\u00f6lj med p\u00e5 den vackraste naturupplevelsen mitt i Rebild!<br \/>\nResan best\u00e5r av: 8 km i kanot fr\u00e5n Oplev, Gravlev till Klepholm, vid Klepholm shelterplads, vi bakar pitabr\u00f6d, som v\u00e4rms i en pizzaugn och f\u00e5r en f\u00f6rfriskning vid brasan. D\u00e4refter g\u00e5r vi de 10 km. \u00e5terg\u00e5 till Experience at Gravlev.<\/p>\n<p>Praktisk information:<br \/>\nDatum: 19 juni 2022<br \/>\nSamlingstid kl 9.30<br \/>\nVaraktighet: ca 5 timmar<br \/>\nSittplatser: ca 45 pers<br \/>\nKanotavst\u00e5nd: ca 8 km. (3 timmar)<br \/>\nHastighet: 5 km\/h. (SNABB tid! - vi f\u00f6ljs som gruppretur)<br \/>\nPris: 400 DKK\/person (du sitter 3 vuxna, eller 2 vuxna och 2 barn i varje kanot)<\/p>\n<p>Inkluderar: Kanotuthyrning, flytv\u00e4st, matlagning samt ingredienser och guidad tur retur. 5 timmars arrangemang.<br \/>\nM\u00f6tesplats och parkering: I korsningen mellan R\u00f8de M\u00f8llevej och V\u00e6lderskoven.<br \/>\nVidare: Ta med egen kopp och tallrik f\u00f6r milj\u00f6ns skull.<br \/>\nAnv\u00e4nd praktiska kl\u00e4der och skor, beroende p\u00e5 v\u00e4der, eftersom det kan vara b\u00e5de halt och lerigt.<\/p>\n<p>Avbokning: N\u00e4r vi arbetar i naturen \u00e4r vissa saker ur v\u00e5ra h\u00e4nder. Det finns d\u00e4rf\u00f6r f\u00e5 v\u00e4derf\u00f6rh\u00e5llanden som kan g\u00f6ra att resan st\u00e4lls in, detta \u00e4r bl.a. \u00e4r \u00e5ska n\u00e4r vi g\u00e5r i skogen, stormflod, s\u00e5v\u00e4l som storm och isfall.<br \/>\nDetta \u00e4r f\u00f6r allas s\u00e4kerhet.<br \/>\nI h\u00e4ndelse av v\u00e4deravbokning, \u00e5terbetalas INTE eftersom allt kommer att k\u00f6pas tidigare under dagen.<br \/>\n\u00c5terbetalning: Ingen \u00e5terbetalning vid avbokning eller utebliven ankomst d\u00e5 det \u00e4r ett evenemang med begr\u00e4nsat antal platser<\/p>","protected":false},"featured_media":6014,"template":"","meta":{"_monsterinsights_skip_tracking":false,"_monsterinsights_sitenote_active":false,"_monsterinsights_sitenote_note":"","_monsterinsights_sitenote_category":0},"product_cat":[64],"product_tag":[],"supplier_id":null,"supplier_sku":"","atum_controlled":true,"out_stock_date":null,"out_stock_threshold":null,"inheritable":false,"inbound_stock":null,"stock_on_hold":0,"sold_today":0,"sales_last_days":0,"reserved_stock":null,"customer_returns":null,"warehouse_damage":null,"lost_in_post":null,"other_logs":null,"out_stock_days":0,"lost_sales":0,"has_location":true,"update_date":"2026-04-08T06:20:43","atum_locations":[{"id":277,"name":"Rebild - Kryds hvor R\u00f8de M\u00f8llevej og V\u00e6lderskoven m\u00f8des","slug":"rebild-kryds-hvor-roede-moellevej-og-vaelderskoven-moedes"}],"atum_stock_status":"instock","low_stock":false,"low_stock_amount":"","sales_update_date":"2026-04-08T06:20:43","translation":{"provider":"WPGlobus","version":"2.8.11","language":"da","enabled_languages":["da","de","gb"],"languages":{"da":{"title":true,"content":false,"excerpt":true},"de":{"title":false,"content":false,"excerpt":false},"gb":{"title":false,"content":false,"excerpt":false}}},"_links":{"self":[{"href":"https:\/\/cristi017.supserv.cozmoslabs.com\/sv\/wp-json\/wp\/v2\/product\/7691"}],"collection":[{"href":"https:\/\/cristi017.supserv.cozmoslabs.com\/sv\/wp-json\/wp\/v2\/product"}],"about":[{"href":"https:\/\/cristi017.supserv.cozmoslabs.com\/sv\/wp-json\/wp\/v2\/types\/product"}],"wp:featuredmedia":[{"embeddable":true,"href":"https:\/\/cristi017.supserv.cozmoslabs.com\/sv\/wp-json\/wp\/v2\/media\/6014"}],"wp:attachment":[{"href":"https:\/\/cristi017.supserv.cozmoslabs.com\/sv\/wp-json\/wp\/v2\/media?parent=7691"}],"wp:term":[{"taxonomy":"product_cat","embeddable":true,"href":"https:\/\/cristi017.supserv.cozmoslabs.com\/sv\/wp-json\/wp\/v2\/product_cat?post=7691"},{"taxonomy":"product_tag","embeddable":true,"href":"https:\/\/cristi017.supserv.cozmoslabs.com\/sv\/wp-json\/wp\/v2\/product_tag?post=7691"}],"curies":[{"name":"wp","href":"https:\/\/api.w.org\/{rel}","templated":true}]}}